{"id":3663,"date":"2022-04-01T16:16:12","date_gmt":"2022-04-01T16:16:12","guid":{"rendered":"https:\/\/vtm.com.tr\/?page_id=3663"},"modified":"2022-04-01T16:16:12","modified_gmt":"2022-04-01T16:16:12","slug":"bilgisayarli-tomografi-ct","status":"publish","type":"page","link":"http:\/\/vtm.com.tr\/?page_id=3663","title":{"rendered":"B\u0130LG\u0130SAYARLI TOMOGRAF\u0130 ( CT )"},"content":{"rendered":"<h1>B\u0130LG\u0130SAYARLI TOMOGRAF\u0130 ( CT )<\/h1>\n<h2>VIMAGO\u2122 Y\u00dcKSEK \u00c7\u00d6Z\u00dcN\u00dcRL\u00dcKL\u00dc 3D VOL\u00dcMETR\u0130K G\u00d6R\u00dcNT\u00dcLEME &#8211; BEYOND CT<\/h2>\n<p><strong>Vimago\u2122<\/strong> d\u00fcnyan\u0131n en geli\u015fmi\u015f veteriner g\u00f6r\u00fcnt\u00fcleme cihaz\u0131d\u0131r. Epica&#8217;n\u0131n herhangi bir \u00f6zellikten \u00f6d\u00fcn vermenizi istemeyen \u00e7ok modlu g\u00f6r\u00fcnt\u00fcleme ba\u015f yap\u0131t\u0131d\u0131r.<\/p>\n<p><strong>Vimago\u2122<\/strong>, hastan\u0131n tamam\u0131n\u0131 tek bir seride g\u00f6r\u00fcnt\u00fcleme yetene\u011fine sahip ve \u00e7ok b\u00fcy\u00fck k\u00f6peklere bile uygulanabilen Robotik, Y\u00fcksek \u00c7\u00f6z\u00fcn\u00fcrl\u00fckl\u00fc 3D Vol\u00fcmetrik Taray\u0131c\u0131-Floroskopi-Dijital Radyografi platformudur. Sistemin kullan\u0131mda 4-slice konvansiyonel bilgisayarl\u0131 tomografiye e\u015fde\u011fer bir h\u0131zda \u00e7al\u0131\u015f\u0131r. <strong>Vimago\u2122<\/strong>, diyagnoz veya giri\u015fimsel g\u00f6r\u00fcnt\u00fcleme cihaz\u0131 olarak kullan\u0131lmaktad\u0131r.<\/p>\n<p><strong>Vimago\u2122<\/strong>, tamam\u0131yla yeni patent bekleyen bir teknoloji t\u00fcr\u00fcd\u00fcr. Beyond CT, \u00f6zellikle veteriner kliniklerde kullan\u0131lmak \u00fczere tasarlanm\u0131\u015ft\u0131r.<\/p>\n","protected":false},"excerpt":{"rendered":"<p>B\u0130LG\u0130SAYARLI TOMOGRAF\u0130 ( CT ) VIMAGO\u2122 Y\u00dcKSEK \u00c7\u00d6Z\u00dcN\u00dcRL\u00dcKL\u00dc 3D VOL\u00dcMETR\u0130K G\u00d6R\u00dcNT\u00dcLEME &#8211; BEYOND CT Vimago\u2122 d\u00fcnyan\u0131n en geli\u015fmi\u015f veteriner g\u00f6r\u00fcnt\u00fcleme&#8230;<\/p>\n","protected":false},"author":1,"featured_media":0,"parent":0,"menu_order":0,"comment_status":"closed","ping_status":"closed","template":"","meta":{"footnotes":""},"class_list":["post-3663","page","type-page","status-publish","hentry"],"_links":{"self":[{"href":"http:\/\/vtm.com.tr\/index.php?rest_route=\/wp\/v2\/pages\/3663","targetHints":{"allow":["GET"]}}],"collection":[{"href":"http:\/\/vtm.com.tr\/index.php?rest_route=\/wp\/v2\/pages"}],"about":[{"href":"http:\/\/vtm.com.tr\/index.php?rest_route=\/wp\/v2\/types\/page"}],"author":[{"embeddable":true,"href":"http:\/\/vtm.com.tr\/index.php?rest_route=\/wp\/v2\/users\/1"}],"replies":[{"embeddable":true,"href":"http:\/\/vtm.com.tr\/index.php?rest_route=%2Fwp%2Fv2%2Fcomments&post=3663"}],"version-history":[{"count":1,"href":"http:\/\/vtm.com.tr\/index.php?rest_route=\/wp\/v2\/pages\/3663\/revisions"}],"predecessor-version":[{"id":3664,"href":"http:\/\/vtm.com.tr\/index.php?rest_route=\/wp\/v2\/pages\/3663\/revisions\/3664"}],"wp:attachment":[{"href":"http:\/\/vtm.com.tr\/index.php?rest_route=%2Fwp%2Fv2%2Fmedia&parent=3663"}],"curies":[{"name":"wp","href":"https:\/\/api.w.org\/{rel}","templated":true}]}}