{"id":3680,"date":"2022-04-01T16:30:11","date_gmt":"2022-04-01T16:30:11","guid":{"rendered":"https:\/\/vtm.com.tr\/?page_id=3680"},"modified":"2022-04-01T16:30:11","modified_gmt":"2022-04-01T16:30:11","slug":"genel-cerrahi","status":"publish","type":"page","link":"http:\/\/vtm.com.tr\/?page_id=3680","title":{"rendered":"GENEL CERRAH\u0130"},"content":{"rendered":"<h1>GENEL CERRAH\u0130<\/h1>\n<p><strong>VTM Hayvan Hastanesi<\/strong>nde uzun y\u0131llar tecr\u00fcbeleri olan i\u015finde uzman ekip taraf\u0131ndan en iyi \u015fartlarda cerrahi tedavi se\u00e7ene\u011fi sa\u011flanabilmektedir. Her operasyon \u00f6ncesi insanlarda uygulanan g\u00fcvenli ameliyat i\u00e7in gereken anestezi \u00f6ncesi laboratuvar \u00e7al\u0131\u015fmalar\u0131 rutin olarak yap\u0131lmakta ve en uygun anestezi se\u00e7ilebilmektedir.<\/p>\n<p>Operasyon \u00f6ncesinde operasyona uygun olmayan hastalar\u0131n tespiti durumunda erteleme ya da iptal edilme durumlar\u0131 s\u00f6z konusu olur. <strong>VTM Hayvan Hastanesi<\/strong> her ne kadar bir cerrahi rahats\u0131zl\u0131klarda referans merkezi olarak biliniyor olsa da, mutlak bir endikasyon olmad\u0131k\u00e7a kesinlikle cerrahiden ka\u00e7\u0131nmay\u0131 prensip edinmi\u015f bir kurulu\u015ftur. \u00d6nemli olan hastan\u0131n refah seviyesini yukar\u0131da tutmak ve ya\u015fam kalitesini art\u0131rmakt\u0131r.<\/p>\n<p><strong>VTM Hayvan Hastanesi<\/strong> genel cerrahinin ilgi alan\u0131nda bulunan<\/p>\n<ul>\n<li>Erkek ve Di\u015fi K\u0131s\u0131rla\u015ft\u0131rma Operasyonlar\u0131<\/li>\n<li>Meme Operasyonlar\u0131<\/li>\n<li>Tiroid, Paratiroid ve B\u00f6brek\u00fcst\u00fc Bezi Operasyonlar\u0131<\/li>\n<li>Hepatopankreatobilier Sistem Operasyonlar\u0131<\/li>\n<li>Gastrointestinal Sistem Operasyonlar\u0131<\/li>\n<li>F\u0131t\u0131k Operasyonlar\u0131<\/li>\n<\/ul>\n<p>olmak \u00fczere bir\u00e7ok cerrahiyi tam steril ameliyathane ortam\u0131nda, son teknoloji cihazlar e\u015fli\u011finde alan\u0131nda uzman hekimlerce yapmaktad\u0131r.<\/p>\n","protected":false},"excerpt":{"rendered":"<p>GENEL CERRAH\u0130 VTM Hayvan Hastanesinde uzun y\u0131llar tecr\u00fcbeleri olan i\u015finde uzman ekip taraf\u0131ndan en iyi \u015fartlarda cerrahi tedavi se\u00e7ene\u011fi sa\u011flanabilmektedir&#8230;.<\/p>\n","protected":false},"author":1,"featured_media":0,"parent":0,"menu_order":0,"comment_status":"closed","ping_status":"closed","template":"","meta":{"footnotes":""},"class_list":["post-3680","page","type-page","status-publish","hentry"],"_links":{"self":[{"href":"http:\/\/vtm.com.tr\/index.php?rest_route=\/wp\/v2\/pages\/3680","targetHints":{"allow":["GET"]}}],"collection":[{"href":"http:\/\/vtm.com.tr\/index.php?rest_route=\/wp\/v2\/pages"}],"about":[{"href":"http:\/\/vtm.com.tr\/index.php?rest_route=\/wp\/v2\/types\/page"}],"author":[{"embeddable":true,"href":"http:\/\/vtm.com.tr\/index.php?rest_route=\/wp\/v2\/users\/1"}],"replies":[{"embeddable":true,"href":"http:\/\/vtm.com.tr\/index.php?rest_route=%2Fwp%2Fv2%2Fcomments&post=3680"}],"version-history":[{"count":1,"href":"http:\/\/vtm.com.tr\/index.php?rest_route=\/wp\/v2\/pages\/3680\/revisions"}],"predecessor-version":[{"id":3681,"href":"http:\/\/vtm.com.tr\/index.php?rest_route=\/wp\/v2\/pages\/3680\/revisions\/3681"}],"wp:attachment":[{"href":"http:\/\/vtm.com.tr\/index.php?rest_route=%2Fwp%2Fv2%2Fmedia&parent=3680"}],"curies":[{"name":"wp","href":"https:\/\/api.w.org\/{rel}","templated":true}]}}