{"id":3682,"date":"2022-04-01T17:15:18","date_gmt":"2022-04-01T17:15:18","guid":{"rendered":"https:\/\/vtm.com.tr\/?page_id=3682"},"modified":"2022-04-01T17:15:18","modified_gmt":"2022-04-01T17:15:18","slug":"goz-hastaliklari","status":"publish","type":"page","link":"http:\/\/vtm.com.tr\/?page_id=3682","title":{"rendered":"G\u00d6Z HASTALIKLARI"},"content":{"rendered":"<h1>G\u00d6Z HASTALIKLARI<\/h1>\n<p>Evcil dostlar\u0131n\u0131z\u0131n genel g\u00f6z muayenesini herhangi bir g\u00f6rme problemine sahip olmasa da her y\u0131l d\u00fczenli olarak yapt\u0131raca\u011f\u0131n\u0131z kapsaml\u0131 g\u00f6z muayenesi, hayat\u0131n g\u00fczelliklerini sa\u011fl\u0131kl\u0131 g\u00f6zler ile uzun y\u0131llar boyunca g\u00f6rmeye devam etmesini sa\u011flayacakt\u0131r. Kapsaml\u0131 g\u00f6z muayenesi sayesinde g\u00f6z\u00fcn sa\u011fl\u0131k haritas\u0131n\u0131n \u00e7\u0131kar\u0131lmas\u0131yla; diyabet, beyin t\u00fcm\u00f6r\u00fc, hipertansiyon, kan ve kalp hastal\u0131klar\u0131, metabolik bozukluklar gibi bir\u00e7ok farkl\u0131 hastal\u0131\u011f\u0131n erken edilmesine olanak sa\u011flamaktad\u0131r.<\/p>\n<p>Yap\u0131lacak geni\u015f kapsaml\u0131 damlal\u0131 g\u00f6z dibi muayenesi ile elde edilen sonu\u00e7lar uzun s\u00fcrede evcil dostlar\u0131n\u0131z\u0131n g\u00f6z sa\u011fl\u0131\u011f\u0131n\u0131n korunmas\u0131 i\u00e7in hayati \u00f6nem ta\u015f\u0131r.<\/p>\n<p>K\u00f6peklerde S\u0131k G\u00f6r\u00fclen G\u00f6z Hastal\u0131klar\u0131 Kedilerde S\u0131k G\u00f6r\u00fclen G\u00f6z Hastal\u0131klar\u0131<\/p>\n<ul>\n<li>Blefaritis<\/li>\n<li>Cherry Eye ( Kiraz G\u00f6z ) Blefaritis<\/li>\n<li>Enoftalmi Cherry Eye ( Kiraz G\u00f6z )<\/li>\n<li>Ektropion Ektropion<\/li>\n<li>Entropion Entropion<\/li>\n<li>Ekzoftalmus Keratit<\/li>\n<li>Glakom Konjuktivit<\/li>\n<li>Katarakt Korneal Dermoid<\/li>\n<li>Keratit Lens Luksasyonu<\/li>\n<li>Keratokonjuktivitis Sikka Panoftalmit<\/li>\n<li>Konjuktivit \u015eemosis<\/li>\n<li>Kornea Nekrozu \u015einesi<\/li>\n<li>Kornea \u00dclseri Retinal Hemoraji<\/li>\n<li>Korneal Dermoid<\/li>\n<li>Lagoftalmus<\/li>\n<li>Mikroftalmi<\/li>\n<li>Palpebra Tertia Rupturu<\/li>\n<li>\u00dcveitis<\/li>\n<\/ul>\n","protected":false},"excerpt":{"rendered":"<p>G\u00d6Z HASTALIKLARI Evcil dostlar\u0131n\u0131z\u0131n genel g\u00f6z muayenesini herhangi bir g\u00f6rme problemine sahip olmasa da her y\u0131l d\u00fczenli olarak yapt\u0131raca\u011f\u0131n\u0131z kapsaml\u0131&#8230;<\/p>\n","protected":false},"author":1,"featured_media":0,"parent":0,"menu_order":0,"comment_status":"closed","ping_status":"closed","template":"","meta":{"footnotes":""},"class_list":["post-3682","page","type-page","status-publish","hentry"],"_links":{"self":[{"href":"http:\/\/vtm.com.tr\/index.php?rest_route=\/wp\/v2\/pages\/3682","targetHints":{"allow":["GET"]}}],"collection":[{"href":"http:\/\/vtm.com.tr\/index.php?rest_route=\/wp\/v2\/pages"}],"about":[{"href":"http:\/\/vtm.com.tr\/index.php?rest_route=\/wp\/v2\/types\/page"}],"author":[{"embeddable":true,"href":"http:\/\/vtm.com.tr\/index.php?rest_route=\/wp\/v2\/users\/1"}],"replies":[{"embeddable":true,"href":"http:\/\/vtm.com.tr\/index.php?rest_route=%2Fwp%2Fv2%2Fcomments&post=3682"}],"version-history":[{"count":1,"href":"http:\/\/vtm.com.tr\/index.php?rest_route=\/wp\/v2\/pages\/3682\/revisions"}],"predecessor-version":[{"id":3683,"href":"http:\/\/vtm.com.tr\/index.php?rest_route=\/wp\/v2\/pages\/3682\/revisions\/3683"}],"wp:attachment":[{"href":"http:\/\/vtm.com.tr\/index.php?rest_route=%2Fwp%2Fv2%2Fmedia&parent=3682"}],"curies":[{"name":"wp","href":"https:\/\/api.w.org\/{rel}","templated":true}]}}