{"id":3688,"date":"2022-04-01T17:24:01","date_gmt":"2022-04-01T17:24:01","guid":{"rendered":"https:\/\/vtm.com.tr\/?page_id=3688"},"modified":"2022-04-01T17:24:01","modified_gmt":"2022-04-01T17:24:01","slug":"kardiyoloji","status":"publish","type":"page","link":"http:\/\/vtm.com.tr\/?page_id=3688","title":{"rendered":"KARD\u0130YOLOJ\u0130"},"content":{"rendered":"<h1>KARD\u0130YOLOJ\u0130<\/h1>\n<p>Veteriner t\u0131pta \u00f6nemi her ge\u00e7en g\u00fcn artan kalp damar sorunlar\u0131 geli\u015fen teknoloji ile daha net ortaya koyulabilmekte ve tedavi olanaklar\u0131n\u0131n erken safhada te\u015fhis ile do\u011fru orant\u0131l\u0131 olarak sevgili dostlar\u0131m\u0131z\u0131n daha kaliteli ve uzun ya\u015famas\u0131 sa\u011flanmaktad\u0131r.<\/p>\n<p>Kedilerde kalp kas\u0131 kal\u0131nla\u015fmalar\u0131 ve neticesinde dola\u015f\u0131m bozukluklar\u0131 s\u0131kl\u0131kla g\u00f6r\u00fclmekte ve erken d\u00f6nem te\u015fhisleri ile koruyucu \u00f6nlemler al\u0131narak fel\u00e7lerin ve ani \u00f6l\u00fcmlerin \u00f6nlenmesi sa\u011flanmaktad\u0131r. K\u00f6peklerde ise kalp kapak\u00e7\u0131k sorunlar\u0131 ve kalp b\u00fcy\u00fcmeleri neredeyse her 10 k\u00f6pekten 6\u2019s\u0131n\u0131 orta ya\u015flarda yakalamaya ba\u015flamaktad\u0131r.<\/p>\n<p>Veteriner Kardiyolojide maalesef cerrahi giri\u015fimler, kalp ya da kapak nakilleri \u00e7ok da m\u00fcmk\u00fcn olmad\u0131\u011f\u0131ndan tedaviyi olu\u015fturan elemanlar\u0131n neredeyse %70\u2019ini kaybetmi\u015f say\u0131l\u0131r\u0131z. Geriye kalan %30\u2019u olu\u015fturan medikal tedaviler ve diyet modifikasyonlar\u0131 ise daha \u00e7ok hastan\u0131n genel durumunu ve ya\u015fam kalitesini art\u0131rmak ve bunun yan\u0131 s\u0131ra kalp hastal\u0131\u011f\u0131n\u0131n ilerleyi\u015f h\u0131z\u0131n\u0131 azaltmak y\u00f6n\u00fcnde olacakt\u0131r.<\/p>\n<p>Kalp hastal\u0131\u011f\u0131 olan hastalar\u0131m\u0131za y\u00f6nelik te\u015fhis ve tedavi i\u00e7in gerekli her t\u00fcrl\u00fc muayene, de\u011ferlendirme ve laboratuvar ara\u015ft\u0131rmalar\u0131 hastanemiz b\u00fcnyesindeki uzman hekimler taraf\u0131ndan modern veteriner t\u0131bb\u0131n t\u00fcm imkanlar\u0131 kullan\u0131larak yap\u0131lmaktad\u0131r.<\/p>\n<p>Hastanemizde \u00fcst\u00fcn teknolojiye sahip dijital g\u00f6r\u00fcnt\u00fcleme cihazlar\u0131 ile Ekokardiyografi ( M \u2013 Mode, Renkli Doppler ve 2D ), Elektrokardiyografi ( EKG ) de\u011ferlendirmeleri yap\u0131lmakta olup, laboratuvar\u0131m\u0131zda t\u00fcre \u00f6zg\u00fc spesifik biyomarkerlar (NT \u2013 ProBNP ) arac\u0131l\u0131\u011f\u0131yla erken tan\u0131 ve tedavi i\u00e7in her zaman yan\u0131n\u0131zday\u0131z.<\/p>\n<p>Tan\u0131s\u0131 konulmu\u015f ve takibini yapt\u0131\u011f\u0131m\u0131z hastalarda rutin kontroller d\u0131\u015f\u0131nda acil m\u00fcdahale gerektiren durumlarda yo\u011fun bak\u0131m\u0131m\u0131zda 7 x 24 hizmet vermektedir.<\/p>\n<h2>KED\u0130 ve K\u00d6PEKLERDE KALP HASTALIKLARININ BEL\u0130RT\u0130LER\u0130<\/h2>\n<ul>\n<li>EGZERS\u0130Z \u0130NTOLERANS<\/li>\n<li>TAK\u0130PNE ( HIZLI SOLUNUM )<\/li>\n<li>D\u0130SPNE ( G\u00dc\u00c7 SOLUNUM )<\/li>\n<li>\u00d6KS\u00dcR\u00dcK<\/li>\n<\/ul>\n<p>Bu tarz belirtilerin bir yada birka\u00e7\u0131n\u0131 fark etti\u011finiz zaman dostlar\u0131n\u0131z\u0131n kalp muayenesini yapt\u0131rman\u0131z gerekti\u011fini unutmay\u0131n.<\/p>\n","protected":false},"excerpt":{"rendered":"<p>KARD\u0130YOLOJ\u0130 Veteriner t\u0131pta \u00f6nemi her ge\u00e7en g\u00fcn artan kalp damar sorunlar\u0131 geli\u015fen teknoloji ile daha net ortaya koyulabilmekte ve tedavi&#8230;<\/p>\n","protected":false},"author":1,"featured_media":0,"parent":0,"menu_order":0,"comment_status":"closed","ping_status":"closed","template":"","meta":{"footnotes":""},"class_list":["post-3688","page","type-page","status-publish","hentry"],"_links":{"self":[{"href":"http:\/\/vtm.com.tr\/index.php?rest_route=\/wp\/v2\/pages\/3688","targetHints":{"allow":["GET"]}}],"collection":[{"href":"http:\/\/vtm.com.tr\/index.php?rest_route=\/wp\/v2\/pages"}],"about":[{"href":"http:\/\/vtm.com.tr\/index.php?rest_route=\/wp\/v2\/types\/page"}],"author":[{"embeddable":true,"href":"http:\/\/vtm.com.tr\/index.php?rest_route=\/wp\/v2\/users\/1"}],"replies":[{"embeddable":true,"href":"http:\/\/vtm.com.tr\/index.php?rest_route=%2Fwp%2Fv2%2Fcomments&post=3688"}],"version-history":[{"count":1,"href":"http:\/\/vtm.com.tr\/index.php?rest_route=\/wp\/v2\/pages\/3688\/revisions"}],"predecessor-version":[{"id":3689,"href":"http:\/\/vtm.com.tr\/index.php?rest_route=\/wp\/v2\/pages\/3688\/revisions\/3689"}],"wp:attachment":[{"href":"http:\/\/vtm.com.tr\/index.php?rest_route=%2Fwp%2Fv2%2Fmedia&parent=3688"}],"curies":[{"name":"wp","href":"https:\/\/api.w.org\/{rel}","templated":true}]}}