{"id":3706,"date":"2022-04-01T17:42:32","date_gmt":"2022-04-01T17:42:32","guid":{"rendered":"https:\/\/vtm.com.tr\/?page_id=3706"},"modified":"2022-04-01T17:42:32","modified_gmt":"2022-04-01T17:42:32","slug":"ortopedi-ve-travmataloji","status":"publish","type":"page","link":"http:\/\/vtm.com.tr\/?page_id=3706","title":{"rendered":"ORTOPED\u0130 ve TRAVMATALOJ\u0130"},"content":{"rendered":"<h1>ORTOPED\u0130 ve TRAVMATALOJ\u0130<\/h1>\n<p>Ortopedik cerrahi, kemik dokuya ve buna kom\u015fuluk eden eklemlere ili\u015fkin edinsel ya da do\u011fmasal t\u00fcm hastal\u0131klar\u0131n cerrahi giri\u015fimlerini kapsamaktad\u0131r.<\/p>\n<p>B\u00fcy\u00fck \u0131rk k\u00f6peklerde do\u011fmasal ve genetik aktar\u0131ml\u0131 bir hastal\u0131k olan kal\u00e7a displazisi ( kal\u00e7a \u00e7\u0131k\u0131\u011f\u0131 ) ve yine eklemlerde geli\u015fen ortopedik bir\u00e7ok hasar <strong>VTM Hayvan Hastanesi<\/strong>nde uzman hekimler taraf\u0131ndan ba\u015far\u0131 ile tespit edilebilmekte ve tedavi se\u00e7ene\u011fi olarak da cerrahi d\u00fczeltme operasyonlar\u0131 ba\u015far\u0131 ile sa\u011flanmaktad\u0131r.<\/p>\n<p>Ayr\u0131ca \u00f6zellikle k\u00fc\u00e7\u00fck \u0131rklarda kar\u015f\u0131la\u015f\u0131lan diz ve dirsek ekleminde geli\u015fen travmatik bozukluklar da (patella luksasyonu \/\u00e7apraz ba\u011f kopu\u011fu \/ Koronoid \u00e7\u0131k\u0131nt\u0131 k\u0131r\u0131\u011f\u0131 \/ OCD vb.) uzman ve tecr\u00fcbeli hekimler taraf\u0131ndan tespit edilerek ba\u015far\u0131 ile tedavi edilmektedir.<\/p>\n<p>Bunlar\u0131n d\u0131\u015f\u0131nda travmaya ba\u011fl\u0131 olarak \u015fekillenen \u00e7atlak, k\u0131r\u0131k ve luksasyonlar\u0131n tedavisi geli\u015fmi\u015f ve d\u00fcnya \u00e7ap\u0131nda kabul g\u00f6rm\u00fc\u015f teknik ve yine materyal kalitesi ba\u015far\u0131l\u0131 olan firmalar\u0131n \u00fcr\u00fcnleri kullan\u0131larak en uygun \u015fekilde opere edilmekte ve \u015fifa ila taburcu edilmektedir.<\/p>\n<p>Bir\u00e7ok farkl\u0131 tip ve \u00e7e\u015fitte plak ve vida kombinasyonlar\u0131, pin ve serklaj uygulamalar\u0131 ile eksternal fiksat\u00f6rler gereken yerlerde ve gerekti\u011fi \u015fekillerde en olumlu iyile\u015fmeyi sa\u011flayacak bi\u00e7imde se\u00e7ilerek uygulanmaktad\u0131r.<\/p>\n","protected":false},"excerpt":{"rendered":"<p>ORTOPED\u0130 ve TRAVMATALOJ\u0130 Ortopedik cerrahi, kemik dokuya ve buna kom\u015fuluk eden eklemlere ili\u015fkin edinsel ya da do\u011fmasal t\u00fcm hastal\u0131klar\u0131n cerrahi&#8230;<\/p>\n","protected":false},"author":1,"featured_media":0,"parent":0,"menu_order":0,"comment_status":"closed","ping_status":"closed","template":"","meta":{"footnotes":""},"class_list":["post-3706","page","type-page","status-publish","hentry"],"_links":{"self":[{"href":"http:\/\/vtm.com.tr\/index.php?rest_route=\/wp\/v2\/pages\/3706","targetHints":{"allow":["GET"]}}],"collection":[{"href":"http:\/\/vtm.com.tr\/index.php?rest_route=\/wp\/v2\/pages"}],"about":[{"href":"http:\/\/vtm.com.tr\/index.php?rest_route=\/wp\/v2\/types\/page"}],"author":[{"embeddable":true,"href":"http:\/\/vtm.com.tr\/index.php?rest_route=\/wp\/v2\/users\/1"}],"replies":[{"embeddable":true,"href":"http:\/\/vtm.com.tr\/index.php?rest_route=%2Fwp%2Fv2%2Fcomments&post=3706"}],"version-history":[{"count":1,"href":"http:\/\/vtm.com.tr\/index.php?rest_route=\/wp\/v2\/pages\/3706\/revisions"}],"predecessor-version":[{"id":3707,"href":"http:\/\/vtm.com.tr\/index.php?rest_route=\/wp\/v2\/pages\/3706\/revisions\/3707"}],"wp:attachment":[{"href":"http:\/\/vtm.com.tr\/index.php?rest_route=%2Fwp%2Fv2%2Fmedia&parent=3706"}],"curies":[{"name":"wp","href":"https:\/\/api.w.org\/{rel}","templated":true}]}}