{"id":3716,"date":"2022-04-01T17:44:01","date_gmt":"2022-04-01T17:44:01","guid":{"rendered":"https:\/\/vtm.com.tr\/?page_id=3716"},"modified":"2022-04-01T17:44:46","modified_gmt":"2022-04-01T17:44:46","slug":"suni-tohumlama","status":"publish","type":"page","link":"http:\/\/vtm.com.tr\/?page_id=3716","title":{"rendered":"\u00dcROLOJ\u0130"},"content":{"rendered":"<h1>\u00dcROLOJ\u0130<\/h1>\n<p>Pet hayvanlar\u0131nda \u00fcroloji; di\u015fi ve erkeklerin \u00fcriner sistemleriyle ilgilenen bir bran\u015ft\u0131r.<\/p>\n<p>B\u00f6brekler, idrar yollar\u0131, idrar kesesi, prostat, testisler ve ilgili b\u00fct\u00fcn organlarda pet hayvanlar\u0131nda da kar\u015f\u0131la\u015f\u0131labilecek b\u00f6brek ta\u015flar\u0131, idrar kesesi yang\u0131lar\u0131(sistit) ve ta\u015flar\u0131, prostat hiperplazileri, prostat t\u00fcm\u00f6rleri, testis t\u00fcm\u00f6rleri \u00f6nemli yer tutmaktad\u0131r.<\/p>\n<p>Hastanemizde bu hastal\u0131klar ba\u011flam\u0131nda; ileri tan\u0131 teknolojisine sahip idrar analiz cihaz\u0131 ile idrar tahlili; gerekti\u011fi durumlarda \u00f6zellikle idrar mikroskopileri, testislerde \u015f\u00fcphelenilen hastal\u0131klar \u00fczerine yine ileri tekniklerle yap\u0131lan ve \u00f6zenle yorumlanan sitolojiler, prostat muayeneleri i\u00e7in detayl\u0131 ultrasonografi incelemeleri uzman hekimlerce de\u011ferlendirmeye al\u0131narak tan\u0131 kalitesi \u00fcst seviyede tutulmaya \u00e7al\u0131\u015f\u0131lmaktad\u0131r.<\/p>\n","protected":false},"excerpt":{"rendered":"<p>\u00dcROLOJ\u0130 Pet hayvanlar\u0131nda \u00fcroloji; di\u015fi ve erkeklerin \u00fcriner sistemleriyle ilgilenen bir bran\u015ft\u0131r. B\u00f6brekler, idrar yollar\u0131, idrar kesesi, prostat, testisler ve&#8230;<\/p>\n","protected":false},"author":1,"featured_media":0,"parent":0,"menu_order":0,"comment_status":"closed","ping_status":"closed","template":"","meta":{"footnotes":""},"class_list":["post-3716","page","type-page","status-publish","hentry"],"_links":{"self":[{"href":"http:\/\/vtm.com.tr\/index.php?rest_route=\/wp\/v2\/pages\/3716","targetHints":{"allow":["GET"]}}],"collection":[{"href":"http:\/\/vtm.com.tr\/index.php?rest_route=\/wp\/v2\/pages"}],"about":[{"href":"http:\/\/vtm.com.tr\/index.php?rest_route=\/wp\/v2\/types\/page"}],"author":[{"embeddable":true,"href":"http:\/\/vtm.com.tr\/index.php?rest_route=\/wp\/v2\/users\/1"}],"replies":[{"embeddable":true,"href":"http:\/\/vtm.com.tr\/index.php?rest_route=%2Fwp%2Fv2%2Fcomments&post=3716"}],"version-history":[{"count":2,"href":"http:\/\/vtm.com.tr\/index.php?rest_route=\/wp\/v2\/pages\/3716\/revisions"}],"predecessor-version":[{"id":3718,"href":"http:\/\/vtm.com.tr\/index.php?rest_route=\/wp\/v2\/pages\/3716\/revisions\/3718"}],"wp:attachment":[{"href":"http:\/\/vtm.com.tr\/index.php?rest_route=%2Fwp%2Fv2%2Fmedia&parent=3716"}],"curies":[{"name":"wp","href":"https:\/\/api.w.org\/{rel}","templated":true}]}}