{"id":3724,"date":"2022-04-01T17:48:33","date_gmt":"2022-04-01T17:48:33","guid":{"rendered":"https:\/\/vtm.com.tr\/?page_id=3724"},"modified":"2022-04-01T17:48:33","modified_gmt":"2022-04-01T17:48:33","slug":"iletisim","status":"publish","type":"page","link":"http:\/\/vtm.com.tr\/?page_id=3724","title":{"rendered":"\u0130leti\u015fim"},"content":{"rendered":"<p>[vc_row][vc_column width=&#8221;1\/2&#8243;][vc_column_text]<\/p>\n<div class=\"QsDR1c\">\n<div class=\"wDYxhc\" lang=\"tr-TR\" data-attrid=\"kc:\/location\/location:address\" data-md=\"1002\" data-hveid=\"CFkQAA\" data-ved=\"2ahUKEwjVzeaGtvP2AhXOSPEDHVNvCHwQkCl6BAhZEAA\">\n<div class=\"Z1hOCe\">\n<div class=\"zloOqf PZPZlf\" data-dtype=\"d3ifr\" data-local-attribute=\"d3adr\" data-ved=\"2ahUKEwjVzeaGtvP2AhXOSPEDHVNvCHwQghwoAHoECFkQAQ\">\n<p><span class=\"w8qArf\"><a class=\"fl\" href=\"https:\/\/www.google.com\/search?q=vtm+adres&amp;ludocid=13762256387216775550&amp;sa=X&amp;ved=2ahUKEwjVzeaGtvP2AhXOSPEDHVNvCHwQ6BN6BAhZEAI\" data-ved=\"2ahUKEwjVzeaGtvP2AhXOSPEDHVNvCHwQ6BN6BAhZEAI\">Adres<\/a>:\u00a0<\/span><span class=\"LrzXr\">B\u00fcy\u00fckesat, Koza Sk. No:97, 06700 \u00c7ankaya\/Ankara<\/span><\/p>\n<div class=\"GnGVVe\"><\/div>\n<div class=\"GDRHkb\" data-at=\"2\" data-uid=\"1\"><a class=\"fl\" href=\"https:\/\/www.google.com\/search?q=vtm+%C3%87al%C4%B1%C5%9Fma+saatleri&amp;ludocid=13762256387216775550&amp;sa=X&amp;ved=2ahUKEwjVzeaGtvP2AhXOSPEDHVNvCHwQ6BN6BAhREAI\" data-ved=\"2ahUKEwjVzeaGtvP2AhXOSPEDHVNvCHwQ6BN6BAhREAI\">Saatler<\/a>:<\/div>\n<\/div>\n<\/div>\n<\/div>\n<\/div>\n<div>\n<div class=\"wDYxhc\" lang=\"tr-TR\" data-attrid=\"kc:\/location\/location:hours\" data-md=\"1005\" data-hveid=\"CFEQAA\" data-ved=\"2ahUKEwjVzeaGtvP2AhXOSPEDHVNvCHwQkCl6BAhREAA\">\n<div class=\"zloOqf PZPZlf\">\n<div class=\"bJpcZ\">\n<div class=\"vk_bk h-n\" tabindex=\"0\" role=\"button\" aria-expanded=\"false\" data-ved=\"2ahUKEwjVzeaGtvP2AhXOSPEDHVNvCHwQoT56BAhREAM\"><span class=\"IDu36\"><span class=\"TLou0b\"><span class=\"JjSWRd\">24 saat a\u00e7\u0131k<\/span><\/span><\/span><\/div>\n<\/div>\n<div class=\"GDRHkb\" data-at=\"8\" data-uid=\"1\"><\/div>\n<\/div>\n<\/div>\n<\/div>\n<div class=\"owjCYb\"><\/div>\n<div class=\"QsDR1c\">\n<div class=\"wDYxhc\" lang=\"tr-TR\" data-attrid=\"kc:\/collection\/knowledge_panels\/has_phone:phone\" data-md=\"1006\" data-hveid=\"CFsQAA\" data-ved=\"2ahUKEwjVzeaGtvP2AhXOSPEDHVNvCHwQkCl6BAhbEAA\">\n<div class=\"Z1hOCe\">\n<div class=\"zloOqf PZPZlf\" data-dtype=\"d3ifr\" data-local-attribute=\"d3ph\" data-ved=\"2ahUKEwjVzeaGtvP2AhXOSPEDHVNvCHwQ8I0BKAB6BAhbEAE\"><span class=\"w8qArf\"><a class=\"fl\" href=\"https:\/\/www.google.com\/search?q=vtm+telefon&amp;ludocid=13762256387216775550&amp;sa=X&amp;ved=2ahUKEwjVzeaGtvP2AhXOSPEDHVNvCHwQ6BN6BAhbEAI\" data-ved=\"2ahUKEwjVzeaGtvP2AhXOSPEDHVNvCHwQ6BN6BAhbEAI\">Telefon<\/a>:\u00a0<\/span><span class=\"LrzXr zdqRlf kno-fv\"><a href=\"https:\/\/www.google.com\/search?q=vtm+hayvan+hastanesi&amp;oq=vtm+&amp;aqs=chrome.0.0i355i512j46i175i199i512j69i57j69i59j69i60l4.1927j0j9&amp;sourceid=chrome&amp;ie=UTF-8#\" data-dtype=\"d3ph\" data-local-attribute=\"d3ph\" data-ved=\"2ahUKEwjVzeaGtvP2AhXOSPEDHVNvCHwQkAgoAHoECFsQAw\"><span aria-label=\"(0312) 437 06 06 Numaral\u0131 Telefonu Ara\">(0312) 437 06 06<\/span><\/a><\/span><\/div>\n<\/div>\n<\/div>\n<\/div>\n<p>[\/vc_column_text][\/vc_column][vc_column width=&#8221;1\/2&#8243;][vc_gmaps link=&#8221;#E-8_JTNDaWZyYW1lJTIwc3JjJTNEJTIyaHR0cHMlM0ElMkYlMkZ3d3cuZ29vZ2xlLmNvbSUyRm1hcHMlMkZlbWJlZCUzRnBiJTNEJTIxMW0xNCUyMTFtOCUyMTFtMyUyMTFkMTIyNDQuNzExMTY5Nzk2Mzc2JTIxMmQzMi44NzgwMTY2JTIxM2QzOS44OTI2NTE1JTIxM20yJTIxMWkxMDI0JTIxMmk3NjglMjE0ZjEzLjElMjEzbTMlMjExbTIlMjExczB4MCUyNTNBMHhiZWZkNWI0NGMzZTgxOTdlJTIxMnNWVE0lMjUyMEFua2FyYSUyNTIwVmV0ZXJpbmVyJTI1MjBUJTI1QzQlMjVCMXAlMjUyME1lcmtlemklMjE1ZTAlMjEzbTIlMjExc3RyJTIxMnN0ciUyMTR2MTY0ODgzNTI4ODIzNCUyMTVtMiUyMTFzdHIlMjEyc3RyJTIyJTIwd2lkdGglM0QlMjI2MDAlMjIlMjBoZWlnaHQlM0QlMjI0NTAlMjIlMjBzdHlsZSUzRCUyMmJvcmRlciUzQTAlM0IlMjIlMjBhbGxvd2Z1bGxzY3JlZW4lM0QlMjIlMjIlMjBsb2FkaW5nJTNEJTIybGF6eSUyMiUyMHJlZmVycmVycG9saWN5JTNEJTIybm8tcmVmZXJyZXItd2hlbi1kb3duZ3JhZGUlMjIlM0UlM0MlMkZpZnJhbWUlM0U=&#8221;][\/vc_column][\/vc_row]<\/p>\n","protected":false},"excerpt":{"rendered":"<p>[vc_row][vc_column width=&#8221;1\/2&#8243;][vc_column_text] Adres:\u00a0B\u00fcy\u00fckesat, Koza Sk. No:97, 06700 \u00c7ankaya\/Ankara Saatler: 24 saat a\u00e7\u0131k Telefon:\u00a0(0312) 437 06 06 [\/vc_column_text][\/vc_column][vc_column width=&#8221;1\/2&#8243;][vc_gmaps link=&#8221;#E-8_JTNDaWZyYW1lJTIwc3JjJTNEJTIyaHR0cHMlM0ElMkYlMkZ3d3cuZ29vZ2xlLmNvbSUyRm1hcHMlMkZlbWJlZCUzRnBiJTNEJTIxMW0xNCUyMTFtOCUyMTFtMyUyMTFkMTIyNDQuNzExMTY5Nzk2Mzc2JTIxMmQzMi44NzgwMTY2JTIxM2QzOS44OTI2NTE1JTIxM20yJTIxMWkxMDI0JTIxMmk3NjglMjE0ZjEzLjElMjEzbTMlMjExbTIlMjExczB4MCUyNTNBMHhiZWZkNWI0NGMzZTgxOTdlJTIxMnNWVE0lMjUyMEFua2FyYSUyNTIwVmV0ZXJpbmVyJTI1MjBUJTI1QzQlMjVCMXAlMjUyME1lcmtlemklMjE1ZTAlMjEzbTIlMjExc3RyJTIxMnN0ciUyMTR2MTY0ODgzNTI4ODIzNCUyMTVtMiUyMTFzdHIlMjEyc3RyJTIyJTIwd2lkdGglM0QlMjI2MDAlMjIlMjBoZWlnaHQlM0QlMjI0NTAlMjIlMjBzdHlsZSUzRCUyMmJvcmRlciUzQTAlM0IlMjIlMjBhbGxvd2Z1bGxzY3JlZW4lM0QlMjIlMjIlMjBsb2FkaW5nJTNEJTIybGF6eSUyMiUyMHJlZmVycmVycG9saWN5JTNEJTIybm8tcmVmZXJyZXItd2hlbi1kb3duZ3JhZGUlMjIlM0UlM0MlMkZpZnJhbWUlM0U=&#8221;][\/vc_column][\/vc_row]<\/p>\n","protected":false},"author":1,"featured_media":0,"parent":0,"menu_order":0,"comment_status":"closed","ping_status":"closed","template":"","meta":{"footnotes":""},"class_list":["post-3724","page","type-page","status-publish","hentry"],"_links":{"self":[{"href":"http:\/\/vtm.com.tr\/index.php?rest_route=\/wp\/v2\/pages\/3724","targetHints":{"allow":["GET"]}}],"collection":[{"href":"http:\/\/vtm.com.tr\/index.php?rest_route=\/wp\/v2\/pages"}],"about":[{"href":"http:\/\/vtm.com.tr\/index.php?rest_route=\/wp\/v2\/types\/page"}],"author":[{"embeddable":true,"href":"http:\/\/vtm.com.tr\/index.php?rest_route=\/wp\/v2\/users\/1"}],"replies":[{"embeddable":true,"href":"http:\/\/vtm.com.tr\/index.php?rest_route=%2Fwp%2Fv2%2Fcomments&post=3724"}],"version-history":[{"count":1,"href":"http:\/\/vtm.com.tr\/index.php?rest_route=\/wp\/v2\/pages\/3724\/revisions"}],"predecessor-version":[{"id":3725,"href":"http:\/\/vtm.com.tr\/index.php?rest_route=\/wp\/v2\/pages\/3724\/revisions\/3725"}],"wp:attachment":[{"href":"http:\/\/vtm.com.tr\/index.php?rest_route=%2Fwp%2Fv2%2Fmedia&parent=3724"}],"curies":[{"name":"wp","href":"https:\/\/api.w.org\/{rel}","templated":true}]}}