{"id":3828,"date":"2022-04-02T10:35:43","date_gmt":"2022-04-02T10:35:43","guid":{"rendered":"https:\/\/vtm.com.tr\/?page_id=3828"},"modified":"2022-04-02T10:47:30","modified_gmt":"2022-04-02T10:47:30","slug":"ekibimiz-3","status":"publish","type":"page","link":"http:\/\/vtm.com.tr\/?page_id=3828","title":{"rendered":"Ekibimiz"},"content":{"rendered":"<p>[vc_row][vc_column][vc_column_text]<\/p>\n<div class=\"column mcb-column one column_column column-margin-\">\n<div class=\"column_attr clearfix\">Hastanemiz, ihtiya\u00e7lar do\u011frultusunda geli\u015fimini tamamlayarak farkl\u0131 bran\u015flarda uzmanla\u015fm\u0131\u015f profesyonel bir ekip taraf\u0131ndan haftan\u0131n 7 g\u00fcn\u00fc 24 saat hizmet vermektedir. \u0130nsana yat\u0131r\u0131m, bilgiye yat\u0131r\u0131m olarak g\u00f6r\u00fclmekte ve bilginin geli\u015fimi i\u00e7in her zaman konusuna hakim ki\u015filerin yaratm\u0131\u015f oldu\u011fu sinerji neticesinde profesyonel yakla\u015f\u0131mlar sa\u011flanmaktad\u0131r.<\/div>\n<\/div>\n<div class=\"column mcb-column one-fourth column_trailer_box \">\n<div class=\"trailer_box\">\n<div class=\"animate zoomIn\" data-anim-type=\"zoomIn\"><\/div>\n<\/div>\n<\/div>\n<p>[\/vc_column_text][\/vc_column][\/vc_row][vc_row][vc_column width=&#8221;1\/4&#8243;][vc_single_image image=&#8221;3830&#8243; img_size=&#8221;full&#8221; alignment=&#8221;center&#8221; onclick=&#8221;custom_link&#8221; link=&#8221;https:\/\/vtm.com.tr\/?page_id=3793&#8243;]\r\n        <div class=\"sec-title  \">         \r\n            <h4 style=\"color:\">Veteriner Hekimler<\/h4>             \r\n            <h3 style=\"color:\"><\/h3>        \r\n        <\/div>[\/vc_column][vc_column width=&#8221;1\/4&#8243;][vc_single_image image=&#8221;3833&#8243; img_size=&#8221;full&#8221; alignment=&#8221;center&#8221; onclick=&#8221;custom_link&#8221; link=&#8221;https:\/\/vtm.com.tr\/?page_id=3819&#8243;]\r\n        <div class=\"sec-title  \">         \r\n            <h4 style=\"color:\">Veteriner Teknikerler<\/h4>             \r\n            <h3 style=\"color:\"><\/h3>        \r\n        <\/div>[\/vc_column][vc_column width=&#8221;1\/4&#8243;][vc_single_image image=&#8221;3835&#8243; img_size=&#8221;full&#8221; alignment=&#8221;center&#8221; onclick=&#8221;custom_link&#8221; link=&#8221;https:\/\/vtm.com.tr\/?page_id=3823&#8243;]\r\n        <div class=\"sec-title  \">         \r\n            <h4 style=\"color:\">YARDIMCI PERSONELLER<\/h4>             \r\n            <h3 style=\"color:\"><\/h3>        \r\n        <\/div>[\/vc_column][vc_column width=&#8221;1\/4&#8243;][vc_single_image image=&#8221;3838&#8243; img_size=&#8221;full&#8221; alignment=&#8221;center&#8221; onclick=&#8221;custom_link&#8221; link=&#8221;https:\/\/vtm.com.tr\/?page_id=3826&#8243;]\r\n        <div class=\"sec-title  \">         \r\n            <h4 style=\"color:\">HALKLA \u0130L\u0130\u015eK\u0130LER<\/h4>             \r\n            <h3 style=\"color:\"><\/h3>        \r\n        <\/div>[\/vc_column][\/vc_row][vc_row][vc_column][vc_empty_space][\/vc_column][\/vc_row][vc_row][vc_column][vc_empty_space][\/vc_column][\/vc_row][vc_row][vc_column][vc_empty_space][\/vc_column][\/vc_row]<\/p>\n","protected":false},"excerpt":{"rendered":"<p>[vc_row][vc_column][vc_column_text] Hastanemiz, ihtiya\u00e7lar do\u011frultusunda geli\u015fimini tamamlayarak farkl\u0131 bran\u015flarda uzmanla\u015fm\u0131\u015f profesyonel bir ekip taraf\u0131ndan haftan\u0131n 7 g\u00fcn\u00fc 24 saat hizmet vermektedir&#8230;.<\/p>\n","protected":false},"author":1,"featured_media":0,"parent":0,"menu_order":0,"comment_status":"closed","ping_status":"closed","template":"","meta":{"footnotes":""},"class_list":["post-3828","page","type-page","status-publish","hentry"],"_links":{"self":[{"href":"http:\/\/vtm.com.tr\/index.php?rest_route=\/wp\/v2\/pages\/3828","targetHints":{"allow":["GET"]}}],"collection":[{"href":"http:\/\/vtm.com.tr\/index.php?rest_route=\/wp\/v2\/pages"}],"about":[{"href":"http:\/\/vtm.com.tr\/index.php?rest_route=\/wp\/v2\/types\/page"}],"author":[{"embeddable":true,"href":"http:\/\/vtm.com.tr\/index.php?rest_route=\/wp\/v2\/users\/1"}],"replies":[{"embeddable":true,"href":"http:\/\/vtm.com.tr\/index.php?rest_route=%2Fwp%2Fv2%2Fcomments&post=3828"}],"version-history":[{"count":7,"href":"http:\/\/vtm.com.tr\/index.php?rest_route=\/wp\/v2\/pages\/3828\/revisions"}],"predecessor-version":[{"id":3840,"href":"http:\/\/vtm.com.tr\/index.php?rest_route=\/wp\/v2\/pages\/3828\/revisions\/3840"}],"wp:attachment":[{"href":"http:\/\/vtm.com.tr\/index.php?rest_route=%2Fwp%2Fv2%2Fmedia&parent=3828"}],"curies":[{"name":"wp","href":"https:\/\/api.w.org\/{rel}","templated":true}]}}