{"id":1857,"date":"2017-10-11T19:37:15","date_gmt":"2017-10-11T19:37:15","guid":{"rendered":"http:\/\/localhost\/grassy\/?page_id=1857"},"modified":"2022-04-02T10:56:22","modified_gmt":"2022-04-02T10:56:22","slug":"home","status":"publish","type":"page","link":"https:\/\/vtm.com.tr\/","title":{"rendered":"Anasayfa"},"content":{"rendered":"<p>[vc_row full_width=&#8221;stretch_row_content_no_spaces&#8221; css=&#8221;.vc_custom_1509607147265{margin-top: 0px !important;margin-bottom: 0px !important;padding-top: 0px !important;padding-bottom: 0px !important;}&#8221;][vc_column css=&#8221;.vc_custom_1503251047476{margin-top: 0px !important;margin-bottom: 0px !important;}&#8221;][rev_slider_vc alias=&#8221;home1&#8243;][\/vc_column][\/vc_row][vc_row css=&#8221;.vc_custom_1505294554309{padding-top: 65px !important;padding-bottom: 65px !important;}&#8221; el_id=&#8221;rs-about&#8221; el_class=&#8221;rs-about&#8221;][vc_column width=&#8221;7\/12&#8243; css=&#8221;.vc_custom_1505208036130{padding-right: 65px !important;}&#8221;]\r\n        <div class=\"sec-title  dd\">         \r\n            <h4 style=\"color:\">HAKKIMIZDA<\/h4>             \r\n            <h3 style=\"color:\">VTM HAYVAN HASTANES\u0130<\/h3>        \r\n        <\/div>[vc_column_text css=&#8221;.vc_custom_1648835614509{padding-top: 35px !important;}&#8221;]VTM Hayvan Hastanesi 2000 y\u0131l\u0131nda kurulmu\u015ftur.<br \/>\n20\u2019yi a\u015fk\u0131n personeli 8 Veteriner Hekimi, son teknoloji eksiksiz medikal donan\u0131m\u0131 ve 800 m2\u2019lik hizmet binas\u0131 ile T\u00fcrkiye\u2019nin en b\u00fcy\u00fck hayvan hastanelerinden biridir.<\/p>\n<h1>Amac\u0131m\u0131z<\/h1>\n<p>D\u00fcnya standartlar\u0131nda hekimlik nosyonunu her ge\u00e7en g\u00fcn \u00fcst seviyelere ta\u015f\u0131yarak, \u00fclkemiz pet sekt\u00f6r\u00fcnde lokomotif g\u00f6revi almak; Yenilikleri takip ederek, g\u00fcncel bilgiler \u0131\u015f\u0131\u011f\u0131nda kaliteli ve ula\u015f\u0131labilir hizmeti verebilmektir.<\/p>\n<p>Teknolojik yat\u0131r\u0131mlar\u0131 art\u0131rarak, hekimlik bilgisini geli\u015ftirici her t\u00fcrl\u00fc e\u011fitim programlar\u0131n\u0131 takip ederek, amat\u00f6r ruh ile profesyonel hizmet kalitesini sentezleyip, sadece gerekli olan tedavi se\u00e7enekleri ile hayvan refah\u0131n\u0131 en \u00fcst seviyede tutmak birincil \u00f6nceli\u011fimizdir.[\/vc_column_text][\/vc_column][vc_column width=&#8221;5\/12&#8243;][vc_single_image image=&#8221;3748&#8243; img_size=&#8221;full&#8221; alignment=&#8221;center&#8221;][\/vc_column][\/vc_row][vc_row css=&#8221;.vc_custom_1515069334615{padding-top: 55px !important;padding-bottom: 50px !important;}&#8221;][vc_column]\r\n        <div class=\"sec-title  \">         \r\n            <h4 style=\"color:\">Google Yorumlar\u0131<\/h4>             \r\n            <h3 style=\"color:\">Sizden Gelenler<\/h3>        \r\n        <\/div>[vc_raw_html]JTVCdHJ1c3RpbmRleCUyMG5vLXJlZ2lzdHJhdGlvbiUzRGdvb2dsZSU1RA==[\/vc_raw_html][\/vc_column][\/vc_row][vc_row full_width=&#8221;stretch_row&#8221; el_id=&#8221;rs-cta&#8221; el_class=&#8221;rs-cta&#8221; css=&#8221;.vc_custom_1515745372760{padding-top: 30px !important;padding-bottom: 35px !important;}&#8221;][vc_column width=&#8221;2\/3&#8243;][vc_custom_heading text=&#8221;Daha detayl\u0131 bilgi i\u00e7in &gt;&gt;&gt;&#8221; font_container=&#8221;tag:h2|font_size:36px|text_align:left|color:%23ffffff&#8221; google_fonts=&#8221;font_family:Open%20Sans%3A300%2C300italic%2Cregular%2Citalic%2C600%2C600italic%2C700%2C700italic%2C800%2C800italic|font_style:400%20regular%3A400%3Anormal&#8221; css=&#8221;.vc_custom_1648835980252{margin-top: 0px !important;margin-bottom: 0px !important;padding-top: 10px !important;padding-bottom: 0px !important;}&#8221;][\/vc_column][vc_column width=&#8221;1\/3&#8243; css=&#8221;.vc_custom_1515745379225{padding-bottom: 7px !important;}&#8221;][vc_btn title=&#8221;Bize Ula\u015f\u0131n&#8221; style=&#8221;outline-custom&#8221; outline_custom_color=&#8221;#ffffff&#8221; outline_custom_hover_background=&#8221;#f7f7f7&#8243; outline_custom_hover_text=&#8221;#4caf50&#8243; shape=&#8221;square&#8221; align=&#8221;right&#8221; link=&#8221;url:https%3A%2F%2Fvtm.com.tr%2F%3Fpage_id%3D3724|title:%C4%B0leti%C5%9Fim||&#8221;][\/vc_column][\/vc_row]<\/p>\n","protected":false},"excerpt":{"rendered":"<p>[vc_row full_width=&#8221;stretch_row_content_no_spaces&#8221; css=&#8221;.vc_custom_1509607147265{margin-top: 0px !important;margin-bottom: 0px !important;padding-top: 0px !important;padding-bottom: 0px !important;}&#8221;][vc_column css=&#8221;.vc_custom_1503251047476{margin-top: 0px !important;margin-bottom: 0px !important;}&#8221;][rev_slider_vc alias=&#8221;home1&#8243;][\/vc_column][\/vc_row][vc_row css=&#8221;.vc_custom_1505294554309{padding-top: 65px !important;padding-bottom:&#8230;<\/p>\n","protected":false},"author":1,"featured_media":0,"parent":0,"menu_order":0,"comment_status":"closed","ping_status":"closed","template":"","meta":{"footnotes":""},"class_list":["post-1857","page","type-page","status-publish","hentry"],"_links":{"self":[{"href":"https:\/\/vtm.com.tr\/index.php?rest_route=\/wp\/v2\/pages\/1857","targetHints":{"allow":["GET"]}}],"collection":[{"href":"https:\/\/vtm.com.tr\/index.php?rest_route=\/wp\/v2\/pages"}],"about":[{"href":"https:\/\/vtm.com.tr\/index.php?rest_route=\/wp\/v2\/types\/page"}],"author":[{"embeddable":true,"href":"https:\/\/vtm.com.tr\/index.php?rest_route=\/wp\/v2\/users\/1"}],"replies":[{"embeddable":true,"href":"https:\/\/vtm.com.tr\/index.php?rest_route=%2Fwp%2Fv2%2Fcomments&post=1857"}],"version-history":[{"count":16,"href":"https:\/\/vtm.com.tr\/index.php?rest_route=\/wp\/v2\/pages\/1857\/revisions"}],"predecessor-version":[{"id":3850,"href":"https:\/\/vtm.com.tr\/index.php?rest_route=\/wp\/v2\/pages\/1857\/revisions\/3850"}],"wp:attachment":[{"href":"https:\/\/vtm.com.tr\/index.php?rest_route=%2Fwp%2Fv2%2Fmedia&parent=1857"}],"curies":[{"name":"wp","href":"https:\/\/api.w.org\/{rel}","templated":true}]}}