{"id":3655,"date":"2022-04-01T15:59:59","date_gmt":"2022-04-01T15:59:59","guid":{"rendered":"https:\/\/vtm.com.tr\/?page_id=3655"},"modified":"2022-04-01T15:59:59","modified_gmt":"2022-04-01T15:59:59","slug":"acil-7x24","status":"publish","type":"page","link":"https:\/\/vtm.com.tr\/?page_id=3655","title":{"rendered":"AC\u0130L 7&#215;24"},"content":{"rendered":"<h1>AC\u0130L 7&#215;24<\/h1>\n<p>Acil t\u0131p hizmeti sa\u011fl\u0131k sekt\u00f6r\u00fcn\u00fcn en \u00f6nemli bile\u015fenlerinden biridir. Bu anlay\u0131\u015fla VTM Hayvan Hastanesi olarak, hastalar\u0131m\u0131z\u0131n ihtiya\u00e7lar\u0131n\u0131 d\u00fc\u015f\u00fcnerek olu\u015fturulmu\u015f acil servisimiz her t\u00fcrl\u00fc vakay\u0131 uzman kadrosuyla ele alarak profesyonel bir \u015fekilde planlanm\u0131\u015ft\u0131r.<\/p>\n<p>Acil olarak gelen hastalar\u0131m\u0131za triaj uygulayarak; en k\u0131sa s\u00fcrede do\u011fru tan\u0131 ve tedavinin uygulanmas\u0131 en \u00f6nemli ilkeleremizdendir.<\/p>\n<p>7&#215;24 steril ameliyathanemizde ihtiyac\u0131 olan hastalar\u0131m\u0131z\u0131n operasyonlar\u0131 uzman kadromuz dahilinde ger\u00e7ekle\u015ftirilmektedir<\/p>\n","protected":false},"excerpt":{"rendered":"<p>AC\u0130L 7&#215;24 Acil t\u0131p hizmeti sa\u011fl\u0131k sekt\u00f6r\u00fcn\u00fcn en \u00f6nemli bile\u015fenlerinden biridir. Bu anlay\u0131\u015fla VTM Hayvan Hastanesi olarak, hastalar\u0131m\u0131z\u0131n ihtiya\u00e7lar\u0131n\u0131 d\u00fc\u015f\u00fcnerek&#8230;<\/p>\n","protected":false},"author":1,"featured_media":0,"parent":0,"menu_order":0,"comment_status":"closed","ping_status":"closed","template":"","meta":{"footnotes":""},"class_list":["post-3655","page","type-page","status-publish","hentry"],"_links":{"self":[{"href":"https:\/\/vtm.com.tr\/index.php?rest_route=\/wp\/v2\/pages\/3655","targetHints":{"allow":["GET"]}}],"collection":[{"href":"https:\/\/vtm.com.tr\/index.php?rest_route=\/wp\/v2\/pages"}],"about":[{"href":"https:\/\/vtm.com.tr\/index.php?rest_route=\/wp\/v2\/types\/page"}],"author":[{"embeddable":true,"href":"https:\/\/vtm.com.tr\/index.php?rest_route=\/wp\/v2\/users\/1"}],"replies":[{"embeddable":true,"href":"https:\/\/vtm.com.tr\/index.php?rest_route=%2Fwp%2Fv2%2Fcomments&post=3655"}],"version-history":[{"count":1,"href":"https:\/\/vtm.com.tr\/index.php?rest_route=\/wp\/v2\/pages\/3655\/revisions"}],"predecessor-version":[{"id":3656,"href":"https:\/\/vtm.com.tr\/index.php?rest_route=\/wp\/v2\/pages\/3655\/revisions\/3656"}],"wp:attachment":[{"href":"https:\/\/vtm.com.tr\/index.php?rest_route=%2Fwp%2Fv2%2Fmedia&parent=3655"}],"curies":[{"name":"wp","href":"https:\/\/api.w.org\/{rel}","templated":true}]}}