{"id":3657,"date":"2022-04-01T16:04:53","date_gmt":"2022-04-01T16:04:53","guid":{"rendered":"https:\/\/vtm.com.tr\/?page_id=3657"},"modified":"2022-04-01T16:04:53","modified_gmt":"2022-04-01T16:04:53","slug":"agiz-dis-sagligi-ve-hastaliklari","status":"publish","type":"page","link":"https:\/\/vtm.com.tr\/?page_id=3657","title":{"rendered":"A\u011eIZ D\u0130\u015e SA\u011eLI\u011eI ve HASTALIKLARI"},"content":{"rendered":"<h1>A\u011eIZ D\u0130\u015e SA\u011eLI\u011eI ve HASTALIKLARI<\/h1>\n<p>A\u011f\u0131z ve di\u015f sa\u011fl\u0131\u011f\u0131 bizlerde oldu\u011fu kadar, petlerimiz i\u00e7in de bir\u00e7ok a\u00e7\u0131dan \u00f6nemlidir. Evde basit bebek f\u0131r\u00e7alar\u0131 yada hayvanlar i\u00e7in \u00fcretilen f\u0131r\u00e7alar ile macun bile kullanmaya gerek kalmadan di\u015fleri f\u0131r\u00e7alamak di\u015f ta\u015flar\u0131n\u0131n olu\u015fumunu azaltt\u0131\u011f\u0131 gibi k\u00f6t\u00fc kokular\u0131nda bitmesini sa\u011flayacakt\u0131r.<\/p>\n<p>\u0130deal olan f\u0131r\u00e7alama s\u0131kl\u0131\u011f\u0131 her g\u00fcn olmakla beraber, bir\u00e7ok hayvan sahibi 2-3 g\u00fcnde bir f\u0131r\u00e7alayabilmektedir. Yavrularda f\u0131r\u00e7alaman\u0131n al\u0131\u015ft\u0131r\u0131labilmesi i\u00e7in 3-4 ayl\u0131kken f\u0131r\u00e7alama al\u0131\u015fkanl\u0131\u011f\u0131n\u0131n edinilmesi ileride tepkisel davran\u0131\u015flar\u0131n olu\u015fmamas\u0131n\u0131 sa\u011flayacakt\u0131r. \u0130leri ya\u015flarda f\u0131r\u00e7aya g\u00f6sterilecek tepkinin \u00f6n\u00fcne ge\u00e7mek i\u00e7in parma\u011fa dolanm\u0131\u015f gazl\u0131 bezler de \u00e7ok faydal\u0131 olabilmektedir.<\/p>\n<p>Kedi ve k\u00f6pekler i\u00e7in \u00e7ok \u00e7e\u015fitli a\u011f\u0131z bak\u0131m \u00fcr\u00fcnlerini de bulmak m\u00fcmk\u00fcnd\u00fcr. Bitkisel tozlar, oral jeller, yem katk\u0131 maddeleri&#8230; T\u00fcm bu \u00fcr\u00fcnlerde ama\u00e7lanan a\u011f\u0131zda asidik bir flora yaratmak ve tartar \/ \u00e7\u00fcr\u00fck formasyonunun \u00f6n\u00fcne ge\u00e7mektir.<\/p>\n<p>Petlerinizde di\u015flerin sa\u011fl\u0131kl\u0131 olmas\u0131 ayn\u0131 zamanda beslenmenin de sa\u011fl\u0131kl\u0131 olabilmesi demektir. Kuru mama ile beslenen petlerde mamalar\u0131n k\u0131r\u0131lmas\u0131 esnas\u0131nda di\u015f y\u00fczeyinde g\u0131da art\u0131\u011f\u0131 birikimini engellemekte, bu da daha az tartar ve \u00e7\u00fcr\u00fck olmas\u0131n\u0131 sa\u011flamaktad\u0131r.<\/p>\n<p>Yine de k\u00f6t\u00fc a\u011f\u0131z kokusuna sahip hayvanlar\u0131n di\u015f ta\u015f\u0131 olu\u015fumlar\u0131n\u0131 tespit etmek, a\u011f\u0131z i\u00e7i lezyonlar\u0131 ve di\u015f eti yang\u0131lar\u0131n\u0131 tedavi edebilmek i\u00e7in y\u0131lda en az bir kez d\u00fczenli kontrol yapt\u0131r\u0131lmas\u0131 esast\u0131r. \u00c7ok yo\u011fun di\u015f ta\u015flar\u0131n\u0131n ultrasonik dalgalar ile \u00e7al\u0131\u015fan cihazlar ile k\u0131r\u0131larak uzakla\u015ft\u0131r\u0131lmas\u0131, di\u015f y\u00fczeylerinin polisaj ile temizlenmesi ve onar\u0131c\u0131 ila\u00e7lar ile kapat\u0131lmas\u0131 ve \u00e7\u00fcr\u00fck di\u015flerin tedavisi yada \u00e7ekilmesi i\u015flemleri sonucu uzun y\u0131llar sa\u011fl\u0131kl\u0131 ve mis gibi kokan a\u011f\u0131zlar\u0131 ile kedi ve k\u00f6peklerinizin yan\u0131 ba\u015f\u0131n\u0131zdan biran olsun ayr\u0131lmalar\u0131n\u0131 istemeyeceksiniz.<\/p>\n","protected":false},"excerpt":{"rendered":"<p>A\u011eIZ D\u0130\u015e SA\u011eLI\u011eI ve HASTALIKLARI A\u011f\u0131z ve di\u015f sa\u011fl\u0131\u011f\u0131 bizlerde oldu\u011fu kadar, petlerimiz i\u00e7in de bir\u00e7ok a\u00e7\u0131dan \u00f6nemlidir. Evde basit&#8230;<\/p>\n","protected":false},"author":1,"featured_media":0,"parent":0,"menu_order":0,"comment_status":"closed","ping_status":"closed","template":"","meta":{"footnotes":""},"class_list":["post-3657","page","type-page","status-publish","hentry"],"_links":{"self":[{"href":"https:\/\/vtm.com.tr\/index.php?rest_route=\/wp\/v2\/pages\/3657","targetHints":{"allow":["GET"]}}],"collection":[{"href":"https:\/\/vtm.com.tr\/index.php?rest_route=\/wp\/v2\/pages"}],"about":[{"href":"https:\/\/vtm.com.tr\/index.php?rest_route=\/wp\/v2\/types\/page"}],"author":[{"embeddable":true,"href":"https:\/\/vtm.com.tr\/index.php?rest_route=\/wp\/v2\/users\/1"}],"replies":[{"embeddable":true,"href":"https:\/\/vtm.com.tr\/index.php?rest_route=%2Fwp%2Fv2%2Fcomments&post=3657"}],"version-history":[{"count":1,"href":"https:\/\/vtm.com.tr\/index.php?rest_route=\/wp\/v2\/pages\/3657\/revisions"}],"predecessor-version":[{"id":3658,"href":"https:\/\/vtm.com.tr\/index.php?rest_route=\/wp\/v2\/pages\/3657\/revisions\/3658"}],"wp:attachment":[{"href":"https:\/\/vtm.com.tr\/index.php?rest_route=%2Fwp%2Fv2%2Fmedia&parent=3657"}],"curies":[{"name":"wp","href":"https:\/\/api.w.org\/{rel}","templated":true}]}}