{"id":3659,"date":"2022-04-01T16:07:29","date_gmt":"2022-04-01T16:07:29","guid":{"rendered":"https:\/\/vtm.com.tr\/?page_id=3659"},"modified":"2022-04-01T16:07:29","modified_gmt":"2022-04-01T16:07:29","slug":"anestezi-ve-reanimasyon","status":"publish","type":"page","link":"https:\/\/vtm.com.tr\/?page_id=3659","title":{"rendered":"ANESTEZ\u0130 ve REANIMASYON"},"content":{"rendered":"<h1>ANESTEZ\u0130 ve REANIMASYON<\/h1>\n<p>VTM Hayvan Hastanesi olarak amac\u0131m\u0131z, hastalar\u0131m\u0131z i\u00e7in bak\u0131m ve ya\u015fam kalitelerini m\u00fcmk\u00fcn olan en \u00fcst seviyeye \u00e7\u0131kartmakt\u0131r. Bu nedenle ger\u00e7ekle\u015ftirdi\u011fimiz operasyonlar\u0131m\u0131zda modern veteriner t\u0131bb\u0131n m\u00fcmk\u00fcn k\u0131ld\u0131\u011f\u0131 t\u00fcm anestezi uygulamalar\u0131n\u0131 her ya\u015ftan hastam\u0131z i\u00e7in eksiksiz ger\u00e7ekle\u015ftirmekteyiz.<\/p>\n","protected":false},"excerpt":{"rendered":"<p>ANESTEZ\u0130 ve REANIMASYON VTM Hayvan Hastanesi olarak amac\u0131m\u0131z, hastalar\u0131m\u0131z i\u00e7in bak\u0131m ve ya\u015fam kalitelerini m\u00fcmk\u00fcn olan en \u00fcst seviyeye \u00e7\u0131kartmakt\u0131r&#8230;.<\/p>\n","protected":false},"author":1,"featured_media":0,"parent":0,"menu_order":0,"comment_status":"closed","ping_status":"closed","template":"","meta":{"footnotes":""},"class_list":["post-3659","page","type-page","status-publish","hentry"],"_links":{"self":[{"href":"https:\/\/vtm.com.tr\/index.php?rest_route=\/wp\/v2\/pages\/3659","targetHints":{"allow":["GET"]}}],"collection":[{"href":"https:\/\/vtm.com.tr\/index.php?rest_route=\/wp\/v2\/pages"}],"about":[{"href":"https:\/\/vtm.com.tr\/index.php?rest_route=\/wp\/v2\/types\/page"}],"author":[{"embeddable":true,"href":"https:\/\/vtm.com.tr\/index.php?rest_route=\/wp\/v2\/users\/1"}],"replies":[{"embeddable":true,"href":"https:\/\/vtm.com.tr\/index.php?rest_route=%2Fwp%2Fv2%2Fcomments&post=3659"}],"version-history":[{"count":1,"href":"https:\/\/vtm.com.tr\/index.php?rest_route=\/wp\/v2\/pages\/3659\/revisions"}],"predecessor-version":[{"id":3660,"href":"https:\/\/vtm.com.tr\/index.php?rest_route=\/wp\/v2\/pages\/3659\/revisions\/3660"}],"wp:attachment":[{"href":"https:\/\/vtm.com.tr\/index.php?rest_route=%2Fwp%2Fv2%2Fmedia&parent=3659"}],"curies":[{"name":"wp","href":"https:\/\/api.w.org\/{rel}","templated":true}]}}