{"id":3667,"date":"2022-04-01T16:19:28","date_gmt":"2022-04-01T16:19:28","guid":{"rendered":"https:\/\/vtm.com.tr\/?page_id=3667"},"modified":"2022-04-01T16:19:28","modified_gmt":"2022-04-01T16:19:28","slug":"check-up","status":"publish","type":"page","link":"https:\/\/vtm.com.tr\/?page_id=3667","title":{"rendered":"CHECK-UP"},"content":{"rendered":"<h1>CHECK-UP<\/h1>\n<blockquote><p>ERKEN TANI HAYAT KURTARIR!!!<\/p><\/blockquote>\n<p>Beslenme Bozukluklar\u0131, genetik fakt\u00f6rler, \u00e7evresel etkiler\u2026. Nedeni ne olursa olsun evcil dostlar\u0131m\u0131z her zaman risk alt\u0131nda.<\/p>\n<p>D\u00fczenli olarak yapt\u0131raca\u011f\u0131n\u0131z check-up programlar\u0131m\u0131z sayesinde VTM Hayvan Hastanesinin uzman kadrosu, patili dostlar\u0131m\u0131z\u0131n sadece hastal\u0131k d\u00f6neminde de\u011fil; modern veteriner t\u0131bb\u0131n \u00f6ncelikli amac\u0131n\u0131 g\u00f6zeterek hastal\u0131klar ortaya \u00e7\u0131kmadan hemen \u00f6nce ya da erken d\u00f6neminde tespit edilip, \u00f6nlemler al\u0131narak hastalar\u0131m\u0131z\u0131n uzun ve sa\u011fl\u0131kl\u0131 ya\u015fam\u0131na katk\u0131 sa\u011flamaktad\u0131r.<\/p>\n<blockquote><p>EVC\u0130L DOSTLARIMIZA NEDEN CHECK \u2013 UP YAPTIRMALISINIZ?<\/p><\/blockquote>\n<p>Evcil dostlar\u0131m\u0131z\u0131n sa\u011fl\u0131\u011f\u0131n\u0131 koruman\u0131n, daha ileri ya\u015flarda kar\u015f\u0131la\u015fabilece\u011fi sa\u011fl\u0131k sorunlar\u0131n\u0131 \u00f6nlemenin ve tedavi edilmesinin ba\u015flang\u0131\u00e7 noktas\u0131d\u0131r. Patili dostlar\u0131m\u0131z\u0131 hastal\u0131ktan koruman\u0131n, hastal\u0131klar olu\u015ftuktan sonra tedavi etmekten daha ekonomik olup; dostlar\u0131m\u0131z\u0131n bozulan sa\u011fl\u0131klar\u0131n\u0131n geri kazan\u0131lmas\u0131 daha zor bir s\u00fcre\u00e7tir.<\/p>\n<blockquote><p>CHECK \u2013 UP PROGRAMLARI NASIL OLMALI?<\/p><\/blockquote>\n<p>VTM Hayvan Hastanesi uzman kadrosunun yapaca\u011f\u0131 fiziksel muayene sonucunda; hastalar\u0131m\u0131z\u0131n \u0131rk, ya\u015f, cinsiyet ve yatk\u0131n oldu\u011fu hastal\u0131klar g\u00f6z \u00f6n\u00fcnde bulundurularak hastalar\u0131m\u0131za \u00f6zel laboratuvar ve radyolojik incelemelerin yer ald\u0131\u011f\u0131 check-up programlar\u0131n\u0131 planlamaktad\u0131r.<\/p>\n","protected":false},"excerpt":{"rendered":"<p>CHECK-UP ERKEN TANI HAYAT KURTARIR!!! Beslenme Bozukluklar\u0131, genetik fakt\u00f6rler, \u00e7evresel etkiler\u2026. Nedeni ne olursa olsun evcil dostlar\u0131m\u0131z her zaman risk&#8230;<\/p>\n","protected":false},"author":1,"featured_media":0,"parent":0,"menu_order":0,"comment_status":"closed","ping_status":"closed","template":"","meta":{"footnotes":""},"class_list":["post-3667","page","type-page","status-publish","hentry"],"_links":{"self":[{"href":"https:\/\/vtm.com.tr\/index.php?rest_route=\/wp\/v2\/pages\/3667","targetHints":{"allow":["GET"]}}],"collection":[{"href":"https:\/\/vtm.com.tr\/index.php?rest_route=\/wp\/v2\/pages"}],"about":[{"href":"https:\/\/vtm.com.tr\/index.php?rest_route=\/wp\/v2\/types\/page"}],"author":[{"embeddable":true,"href":"https:\/\/vtm.com.tr\/index.php?rest_route=\/wp\/v2\/users\/1"}],"replies":[{"embeddable":true,"href":"https:\/\/vtm.com.tr\/index.php?rest_route=%2Fwp%2Fv2%2Fcomments&post=3667"}],"version-history":[{"count":1,"href":"https:\/\/vtm.com.tr\/index.php?rest_route=\/wp\/v2\/pages\/3667\/revisions"}],"predecessor-version":[{"id":3668,"href":"https:\/\/vtm.com.tr\/index.php?rest_route=\/wp\/v2\/pages\/3667\/revisions\/3668"}],"wp:attachment":[{"href":"https:\/\/vtm.com.tr\/index.php?rest_route=%2Fwp%2Fv2%2Fmedia&parent=3667"}],"curies":[{"name":"wp","href":"https:\/\/api.w.org\/{rel}","templated":true}]}}