{"id":3690,"date":"2022-04-01T17:27:56","date_gmt":"2022-04-01T17:27:56","guid":{"rendered":"https:\/\/vtm.com.tr\/?page_id=3690"},"modified":"2022-04-01T17:27:56","modified_gmt":"2022-04-01T17:27:56","slug":"koruyucu-hekimlik","status":"publish","type":"page","link":"https:\/\/vtm.com.tr\/?page_id=3690","title":{"rendered":"KORUYUCU HEK\u0130ML\u0130K"},"content":{"rendered":"<h1>KORUYUCU HEK\u0130ML\u0130K<\/h1>\n<p>Koruyucu hekimli\u011fin temelini olu\u015fturan konulardan biri de \u015f\u00fcphesiz ki etkili bir a\u015f\u0131lama program\u0131d\u0131r. Yavru kedi ve k\u00f6pekler do\u011fduklar\u0131 andan itibaren annelerinden kolostrum arac\u0131l\u0131\u011f\u0131yla maternal antikorlar almakta ve bu d\u00f6nem i\u00e7erisinde bir\u00e7ok hastal\u0131ktan korunmaktad\u0131rlar. Bahsedilen bu maternal antikorlar 45 \u2013 55 g\u00fcnl\u00fck d\u00f6neme kadar yavrular\u0131 korumakta ve bu d\u00f6nemden sonra v\u00fccutlar\u0131 savunmas\u0131z hale gelmektedir.<\/p>\n<p>\u00dclkemizde yavru hayvan \u00f6l\u00fcmlerinin \u00e7o\u011funu olu\u015fturan sebeplerin viral kaynakl\u0131 oldu\u011funu bilmek gerekir. Siz de de\u011ferli dostlar\u0131n\u0131z\u0131n 4-6 haftal\u0131ktan itibaren d\u00fczenli olarak a\u015f\u0131lar\u0131n\u0131 yapt\u0131rmay\u0131 unutmay\u0131n. Etkili ve d\u00fczenli bir a\u015f\u0131lama program\u0131 uzun ve sa\u011fl\u0131kl\u0131 bir ya\u015fam\u0131n ilk ad\u0131m\u0131d\u0131r.<\/p>\n<p><strong>VTM Hayvan Hastanesi<\/strong> olarak g\u00fcvenilirli\u011fi d\u00fcnyaca kabul edilmi\u015f a\u015f\u0131lar uygun ko\u015fullarda saklanarak detayl\u0131 bir muayenenin ard\u0131ndan uygulanmaktad\u0131r. A\u015f\u0131lama zamanlar\u0131 profesyonel sistemimizce d\u00fczenli olarak takip edilmekte ve siz de\u011ferli dostlar\u0131m\u0131za bildirilmektedir.<\/p>\n<blockquote><p><strong>K\u00f6peklerde Uygulanan A\u015f\u0131 Program\u0131<\/strong><\/p><\/blockquote>\n<ul>\n<li>Puppy DP (Distemper vir\u00fcs \u2013 Parvovirus)<\/li>\n<li>Karma (DHPPI-L) (Distemper \u2013 Hepatitis Contagiosa Canis \u2013 Parvovirus \u2013 Parainfluenza \u2013 Leptospira)<\/li>\n<li>Corona ( Corona vir\u00fcs)<\/li>\n<li>Bordotella Bronchiseptica ( Kennel Cough\/\u00d6ks\u00fcr\u00fck)<\/li>\n<li>Kuduz (Rabies)<\/li>\n<li>Lyme (Borellia burgdoferia)<\/li>\n<li>Tetanoz (Clostridium tetani)<\/li>\n<\/ul>\n<blockquote><p><strong>Kedilerde Uygulanan A\u015f\u0131 Program\u0131<\/strong><\/p><\/blockquote>\n<ul>\n<li>Karma (Panl\u00f6kopeni \u2013 Calicivirus \u2013 Rhinotracheitis)<\/li>\n<li>Leukemia<\/li>\n<li>Kuduz<\/li>\n<\/ul>\n","protected":false},"excerpt":{"rendered":"<p>KORUYUCU HEK\u0130ML\u0130K Koruyucu hekimli\u011fin temelini olu\u015fturan konulardan biri de \u015f\u00fcphesiz ki etkili bir a\u015f\u0131lama program\u0131d\u0131r. Yavru kedi ve k\u00f6pekler do\u011fduklar\u0131&#8230;<\/p>\n","protected":false},"author":1,"featured_media":0,"parent":0,"menu_order":0,"comment_status":"closed","ping_status":"closed","template":"","meta":{"footnotes":""},"class_list":["post-3690","page","type-page","status-publish","hentry"],"_links":{"self":[{"href":"https:\/\/vtm.com.tr\/index.php?rest_route=\/wp\/v2\/pages\/3690","targetHints":{"allow":["GET"]}}],"collection":[{"href":"https:\/\/vtm.com.tr\/index.php?rest_route=\/wp\/v2\/pages"}],"about":[{"href":"https:\/\/vtm.com.tr\/index.php?rest_route=\/wp\/v2\/types\/page"}],"author":[{"embeddable":true,"href":"https:\/\/vtm.com.tr\/index.php?rest_route=\/wp\/v2\/users\/1"}],"replies":[{"embeddable":true,"href":"https:\/\/vtm.com.tr\/index.php?rest_route=%2Fwp%2Fv2%2Fcomments&post=3690"}],"version-history":[{"count":1,"href":"https:\/\/vtm.com.tr\/index.php?rest_route=\/wp\/v2\/pages\/3690\/revisions"}],"predecessor-version":[{"id":3691,"href":"https:\/\/vtm.com.tr\/index.php?rest_route=\/wp\/v2\/pages\/3690\/revisions\/3691"}],"wp:attachment":[{"href":"https:\/\/vtm.com.tr\/index.php?rest_route=%2Fwp%2Fv2%2Fmedia&parent=3690"}],"curies":[{"name":"wp","href":"https:\/\/api.w.org\/{rel}","templated":true}]}}