{"id":3694,"date":"2022-04-01T17:34:50","date_gmt":"2022-04-01T17:34:50","guid":{"rendered":"https:\/\/vtm.com.tr\/?page_id=3694"},"modified":"2022-04-01T17:37:19","modified_gmt":"2022-04-01T17:37:19","slug":"lazer-cerrahi","status":"publish","type":"page","link":"https:\/\/vtm.com.tr\/?page_id=3694","title":{"rendered":"LAZER CERRAH\u0130"},"content":{"rendered":"<h1>LAZER CERRAH\u0130<\/h1>\n<h2>Aesculight CO2 Lazer Cerrahi<\/h2>\n<p>Aesculight veteriner CO2 lazer \u00e7ok \u00e7e\u015fitli cerrahi prosed\u00fcrleri uygulayabilir. Lazer ablasyonu, gerekti\u011finde bir seferde yaln\u0131zca birka\u00e7 dokuyu se\u00e7ici olarak \u00e7\u0131karabilecek kadar hassast\u0131r. Ayn\u0131 zamanda t\u00fcm\u00f6rleri sa\u011fl\u0131kl\u0131 dokudan ay\u0131rmak i\u00e7in yeterince g\u00fc\u00e7l\u00fcd\u00fcr. Geleneksel ne\u015fter cerrahisinde ka\u00e7\u0131n\u0131lmaz olan a\u015f\u0131r\u0131 kan kayb\u0131n\u0131n \u00f6n\u00fcne ge\u00e7er. Benzersiz kans\u0131z lazer noizyonlar\u0131 yapmak i\u00e7in kullan\u0131labilir.<\/p>\n<blockquote><p><strong>Lazer cerrahisinin hastalar i\u00e7in yararlar\u0131<\/strong><\/p><\/blockquote>\n<p><strong>M\u0130N\u0130M\u0130ZE KANAMA :<\/strong> Lazer \u0131\u015f\u0131n\u0131, yap\u0131lan kesi s\u0131ras\u0131nda k\u00fc\u00e7\u00fck kan damarlar\u0131n\u0131 kapat\u0131r. Kanamadaki bu azalma, bo\u011faz i\u00e7indeki t\u00fcm\u00f6rlerin uzakla\u015ft\u0131r\u0131lmas\u0131 gibi operasyonlar\u0131n risklerini ortadan kald\u0131r\u0131r. Burun ve a\u011f\u0131z bo\u015flu\u011fu, baz\u0131 g\u00f6z cerrahisi tipleri, nazal hiperkeratoz tedavisi ve daha pek \u00e7ok \u015fey gibi geleneksel ne\u015fter cerrahisi ile m\u00fcmk\u00fcn olmayan bir dizi yeni cerrahi i\u015flemi m\u00fcmk\u00fcn k\u0131lar. Cerrahi alan\u0131n daha iyi g\u00f6rselle\u015ftirilmesini sa\u011flar. Lazer ile yap\u0131lan hassas kesiler ile sa\u011fl\u0131kl\u0131 \u00e7evre dokularda gereksiz travma yarat\u0131lmas\u0131 riskini ortadan kald\u0131r\u0131r. Ek olarak baz\u0131 cerrahi prosed\u00fcrleri lazerle yap\u0131ld\u0131\u011f\u0131nda s\u00fct\u00fcr gerektirmez. (\u00d6rn. Stenotik Nares, Elongated Soft Palate) M\u00fckemmel operasyon sahas\u0131 g\u00f6r\u00fcn\u00fcm\u00fc CO2 lazer cerrahisinin bir ba\u015fka b\u00fcy\u00fck avantaj\u0131d\u0131r. Yani veteriner hekimin ameliyat\u0131 daha net ve daha h\u0131zl\u0131 yapmas\u0131na imkan sa\u011flar. Daha k\u0131sa prosed\u00fcrler, anestezi s\u00fcresini azaltarak anestezi riskini minimuma indirir. Birden fazla cerrahi prosed\u00fcr\u00fcn ayn\u0131 anda yap\u0131labilmesine imkan sa\u011flar. (\u00d6rn. Stenotik Nares ve K\u0131s\u0131rla\u015ft\u0131rma) Son olarak, daha iyi operasyon sahas\u0131 g\u00f6r\u00fcn\u00fcm\u00fc, daha iyi estetik sonu\u00e7 sa\u011flar.<\/p>\n<p><strong>DAHA AZ A\u011eRI :<\/strong> CO2 lazer \u0131\u015f\u0131n\u0131 sinir u\u00e7lar\u0131n\u0131 kapat\u0131r. Ameliyat sonras\u0131 daha az \u00f6dem ve a\u011fr\u0131 \u015fekillenir. Hasta, ameliyat sonras\u0131 \u00e7ok daha rahat bir iyile\u015fme s\u00fcresi ge\u00e7irir.<\/p>\n<p><strong>AZALAN ENFEKS\u0130YON R\u0130SK\u0130 :<\/strong> Temizlik etkisi, CO2 lazer \u0131\u015f\u0131n\u0131n\u0131n benzersiz \u00f6zelliklerinden biridir. Operasyon b\u00f6lgesindeki bakterileri etkili bir \u015fekilde yok eder. (Temizleme Etkisi) Ayr\u0131ca, Co2 lazer ameliyat s\u0131ras\u0131nda hedef dokuya dokunmaz. Bu da enfeksiyon riskini daha da azalt\u0131r.<\/p>\n<p><strong>DAHA HIZLI \u0130Y\u0130LE\u015eME S\u00dcRES\u0130 :<\/strong> Azalt\u0131lm\u0131\u015f enfeksiyon riski, daha az kanama, a\u011fr\u0131 ve \u00f6dem, anestezi alt\u0131nda ge\u00e7irilen daha az zaman g\u00f6z \u00f6n\u00fcne al\u0131nd\u0131\u011f\u0131nda geleneksel ne\u015fter cerrahilerine oranla daha h\u0131zl\u0131 iyile\u015fme sa\u011flan\u0131r.<\/p>\n<blockquote><p><strong>Veteriner CO2 Lazer Cerrahisi<\/strong><\/p><\/blockquote>\n<p>CO2 lazerler, benzersiz dalga boylar\u0131 ve hassasiyetleri nedeniyle cerrahi lazerlerin alt\u0131n standard\u0131d\u0131r. Kuzey Amerika\u2019da her g\u00fcn \u00e7e\u015fitli veterinerlik ve insan spesiyalitelerinde on binlerce CO2 lazer kullan\u0131lmaktad\u0131r.<\/p>\n<p>Aesculight, 1991 y\u0131l\u0131nda k\u00fc\u00e7\u00fck ofis ortamlar\u0131 i\u00e7in tasarlanan ilk yumu\u015fak doku dental CO2 lazer olarak sunulan Luxar k\u00f6klerine sahiptir. Aesculight, esnek fiber kablo, tamemen metal el aleti, sistem entegrasyonu konular\u0131nda iyile\u015ftirmeler yapm\u0131\u015ft\u0131r.<\/p>\n<blockquote><p><strong>SONU\u00c7LAR<\/strong><\/p><\/blockquote>\n<p>Luxar ve Aesculight veteriner CO2 lazerleri ile yap\u0131lan say\u0131s\u0131z cerrahi i\u015flem s\u0131ras\u0131nda, \u00e7ok \u00e7e\u015fitli klinik uygulamalar\u0131 ve CO2 lazer cerrahisinin bir\u00e7ok faydas\u0131n\u0131 g\u00f6steren \u00e7ok say\u0131da klinik birikim ortaya \u00e7\u0131km\u0131\u015ft\u0131r. Aesculight ekibi, Aesculight cerrahi tekniklerini daha h\u0131zl\u0131 ve daha g\u00fcvenle kullanman\u0131z i\u00e7in bu klinik vakalar\u0131 payla\u015fmaktan mutluluk duyar. En ayr\u0131nt\u0131l\u0131 e\u011fitim kaynaklar\u0131ndan biri, Dr. John C. Godbold\u2019un dijital \u201cCO2 Lazer Cerrahisi Prosed\u00fcrleri Atlas\u0131\u201d .<\/p>\n","protected":false},"excerpt":{"rendered":"<p>LAZER CERRAH\u0130 Aesculight CO2 Lazer Cerrahi Aesculight veteriner CO2 lazer \u00e7ok \u00e7e\u015fitli cerrahi prosed\u00fcrleri uygulayabilir. Lazer ablasyonu, gerekti\u011finde bir seferde&#8230;<\/p>\n","protected":false},"author":1,"featured_media":0,"parent":0,"menu_order":0,"comment_status":"closed","ping_status":"closed","template":"","meta":{"footnotes":""},"class_list":["post-3694","page","type-page","status-publish","hentry"],"_links":{"self":[{"href":"https:\/\/vtm.com.tr\/index.php?rest_route=\/wp\/v2\/pages\/3694","targetHints":{"allow":["GET"]}}],"collection":[{"href":"https:\/\/vtm.com.tr\/index.php?rest_route=\/wp\/v2\/pages"}],"about":[{"href":"https:\/\/vtm.com.tr\/index.php?rest_route=\/wp\/v2\/types\/page"}],"author":[{"embeddable":true,"href":"https:\/\/vtm.com.tr\/index.php?rest_route=\/wp\/v2\/users\/1"}],"replies":[{"embeddable":true,"href":"https:\/\/vtm.com.tr\/index.php?rest_route=%2Fwp%2Fv2%2Fcomments&post=3694"}],"version-history":[{"count":3,"href":"https:\/\/vtm.com.tr\/index.php?rest_route=\/wp\/v2\/pages\/3694\/revisions"}],"predecessor-version":[{"id":3697,"href":"https:\/\/vtm.com.tr\/index.php?rest_route=\/wp\/v2\/pages\/3694\/revisions\/3697"}],"wp:attachment":[{"href":"https:\/\/vtm.com.tr\/index.php?rest_route=%2Fwp%2Fv2%2Fmedia&parent=3694"}],"curies":[{"name":"wp","href":"https:\/\/api.w.org\/{rel}","templated":true}]}}