{"id":3702,"date":"2022-04-01T17:38:28","date_gmt":"2022-04-01T17:38:28","guid":{"rendered":"https:\/\/vtm.com.tr\/?page_id=3702"},"modified":"2022-04-01T17:38:28","modified_gmt":"2022-04-01T17:38:28","slug":"noroloji-ve-norosiruriji","status":"publish","type":"page","link":"https:\/\/vtm.com.tr\/?page_id=3702","title":{"rendered":"N\u00d6ROLOJ\u0130 ve N\u00d6RO\u015e\u0130RUR\u0130J\u0130"},"content":{"rendered":"<h1>N\u00d6ROLOJ\u0130 ve N\u00d6RO\u015e\u0130RUR\u0130J\u0130<\/h1>\n","protected":false},"excerpt":{"rendered":"<p>N\u00d6ROLOJ\u0130 ve N\u00d6RO\u015e\u0130RUR\u0130J\u0130<\/p>\n","protected":false},"author":1,"featured_media":0,"parent":0,"menu_order":0,"comment_status":"closed","ping_status":"closed","template":"","meta":{"footnotes":""},"class_list":["post-3702","page","type-page","status-publish","hentry"],"_links":{"self":[{"href":"https:\/\/vtm.com.tr\/index.php?rest_route=\/wp\/v2\/pages\/3702","targetHints":{"allow":["GET"]}}],"collection":[{"href":"https:\/\/vtm.com.tr\/index.php?rest_route=\/wp\/v2\/pages"}],"about":[{"href":"https:\/\/vtm.com.tr\/index.php?rest_route=\/wp\/v2\/types\/page"}],"author":[{"embeddable":true,"href":"https:\/\/vtm.com.tr\/index.php?rest_route=\/wp\/v2\/users\/1"}],"replies":[{"embeddable":true,"href":"https:\/\/vtm.com.tr\/index.php?rest_route=%2Fwp%2Fv2%2Fcomments&post=3702"}],"version-history":[{"count":1,"href":"https:\/\/vtm.com.tr\/index.php?rest_route=\/wp\/v2\/pages\/3702\/revisions"}],"predecessor-version":[{"id":3703,"href":"https:\/\/vtm.com.tr\/index.php?rest_route=\/wp\/v2\/pages\/3702\/revisions\/3703"}],"wp:attachment":[{"href":"https:\/\/vtm.com.tr\/index.php?rest_route=%2Fwp%2Fv2%2Fmedia&parent=3702"}],"curies":[{"name":"wp","href":"https:\/\/api.w.org\/{rel}","templated":true}]}}