{"id":3704,"date":"2022-04-01T17:40:22","date_gmt":"2022-04-01T17:40:22","guid":{"rendered":"https:\/\/vtm.com.tr\/?page_id=3704"},"modified":"2022-04-01T17:40:22","modified_gmt":"2022-04-01T17:40:22","slug":"onkoloji","status":"publish","type":"page","link":"https:\/\/vtm.com.tr\/?page_id=3704","title":{"rendered":"ONKOLOJ\u0130"},"content":{"rendered":"<h1>ONKOLOJ\u0130<\/h1>\n<p>21. yy&#8217;in vebas\u0131 olarak tan\u0131mlanan hastal\u0131k; Kanser\u2026 Maalesef hayvanlarda da son d\u00f6nemde \u00e7ok yayg\u0131nla\u015fm\u0131\u015f durumdad\u0131r. \u00d6zellikle deri t\u00fcm\u00f6rleri \u00e7o\u011funlukla basit bir lezyon olarak atlanmakta ve metastaz ile sonu\u00e7lanan ba\u015far\u0131s\u0131z s\u00fcre\u00e7ler ile kar\u015f\u0131la\u015f\u0131lmaktad\u0131r.<\/p>\n<p>\u0130\u00e7 organlara ili\u015fkin t\u00fcm\u00f6rler ile kan ve kan yap\u0131c\u0131 organlarda g\u00f6r\u00fclmekte olan t\u00fcm\u00f6rler onkoloji konusunda uzmanla\u015fm\u0131\u015f hekimlerimiz ile tan\u0131 s\u00fcrecinde ba\u015far\u0131l\u0131 manip\u00fclasyonlar sonucunda erken d\u00f6nemde tespit edilmektedir.<\/p>\n<p>Erken tan\u0131 beraberinde uygun cerrahi prosed\u00fcrler ile olumlu bir prognoz g\u00f6sterir ki bu da hastalar\u0131m\u0131z\u0131n k\u0131sa s\u00fcrede <strong>tam bir iyile\u015fme s\u00fcrecine<\/strong> girmesini sa\u011flar.<\/p>\n<p>Ayr\u0131ca merkezimizde tan\u0131s\u0131 konulan onkolojik vakaya g\u00f6re en uygun kemoterapi, radyoterapi vb. tedavi y\u00f6ntemleri hastan\u0131n ihtiyac\u0131na g\u00f6re belirlenerek uygulan\u0131r.<\/p>\n","protected":false},"excerpt":{"rendered":"<p>ONKOLOJ\u0130 21. yy&#8217;in vebas\u0131 olarak tan\u0131mlanan hastal\u0131k; Kanser\u2026 Maalesef hayvanlarda da son d\u00f6nemde \u00e7ok yayg\u0131nla\u015fm\u0131\u015f durumdad\u0131r. \u00d6zellikle deri t\u00fcm\u00f6rleri \u00e7o\u011funlukla&#8230;<\/p>\n","protected":false},"author":1,"featured_media":0,"parent":0,"menu_order":0,"comment_status":"closed","ping_status":"closed","template":"","meta":{"footnotes":""},"class_list":["post-3704","page","type-page","status-publish","hentry"],"_links":{"self":[{"href":"https:\/\/vtm.com.tr\/index.php?rest_route=\/wp\/v2\/pages\/3704","targetHints":{"allow":["GET"]}}],"collection":[{"href":"https:\/\/vtm.com.tr\/index.php?rest_route=\/wp\/v2\/pages"}],"about":[{"href":"https:\/\/vtm.com.tr\/index.php?rest_route=\/wp\/v2\/types\/page"}],"author":[{"embeddable":true,"href":"https:\/\/vtm.com.tr\/index.php?rest_route=\/wp\/v2\/users\/1"}],"replies":[{"embeddable":true,"href":"https:\/\/vtm.com.tr\/index.php?rest_route=%2Fwp%2Fv2%2Fcomments&post=3704"}],"version-history":[{"count":1,"href":"https:\/\/vtm.com.tr\/index.php?rest_route=\/wp\/v2\/pages\/3704\/revisions"}],"predecessor-version":[{"id":3705,"href":"https:\/\/vtm.com.tr\/index.php?rest_route=\/wp\/v2\/pages\/3704\/revisions\/3705"}],"wp:attachment":[{"href":"https:\/\/vtm.com.tr\/index.php?rest_route=%2Fwp%2Fv2%2Fmedia&parent=3704"}],"curies":[{"name":"wp","href":"https:\/\/api.w.org\/{rel}","templated":true}]}}