{"id":3719,"date":"2022-04-01T17:45:38","date_gmt":"2022-04-01T17:45:38","guid":{"rendered":"https:\/\/vtm.com.tr\/?page_id=3719"},"modified":"2022-04-01T17:45:38","modified_gmt":"2022-04-01T17:45:38","slug":"yogun-bakim","status":"publish","type":"page","link":"https:\/\/vtm.com.tr\/?page_id=3719","title":{"rendered":"YO\u011eUN BAKIM"},"content":{"rendered":"<h1>YO\u011eUN BAKIM<\/h1>\n<p>Merkezimizde hastal\u0131\u011f\u0131n tan\u0131s\u0131 ne olursa olsun, hastan\u0131n konforunu ve ihtiya\u00e7lar\u0131n\u0131 g\u00f6zeterek olu\u015fturdu\u011fumuz yo\u011fun bak\u0131m alan\u0131nda hastalar\u0131m\u0131z\u0131n vital t\u00fcm bulgular\u0131 takip etmekteyiz. Ayr\u0131ca hastalar\u0131m\u0131z\u0131n ihtiyac\u0131 olan oksijen, nem ve uygun s\u0131cakl\u0131k ko\u015fullar\u0131n\u0131 olu\u015fturarak hastalar\u0131m\u0131z\u0131n en g\u00fcvenli \u015fekilde sa\u011fl\u0131\u011f\u0131na kavu\u015fmas\u0131na destek olmaktay\u0131z.<\/p>\n","protected":false},"excerpt":{"rendered":"<p>YO\u011eUN BAKIM Merkezimizde hastal\u0131\u011f\u0131n tan\u0131s\u0131 ne olursa olsun, hastan\u0131n konforunu ve ihtiya\u00e7lar\u0131n\u0131 g\u00f6zeterek olu\u015fturdu\u011fumuz yo\u011fun bak\u0131m alan\u0131nda hastalar\u0131m\u0131z\u0131n vital t\u00fcm&#8230;<\/p>\n","protected":false},"author":1,"featured_media":0,"parent":0,"menu_order":0,"comment_status":"closed","ping_status":"closed","template":"","meta":{"footnotes":""},"class_list":["post-3719","page","type-page","status-publish","hentry"],"_links":{"self":[{"href":"https:\/\/vtm.com.tr\/index.php?rest_route=\/wp\/v2\/pages\/3719","targetHints":{"allow":["GET"]}}],"collection":[{"href":"https:\/\/vtm.com.tr\/index.php?rest_route=\/wp\/v2\/pages"}],"about":[{"href":"https:\/\/vtm.com.tr\/index.php?rest_route=\/wp\/v2\/types\/page"}],"author":[{"embeddable":true,"href":"https:\/\/vtm.com.tr\/index.php?rest_route=\/wp\/v2\/users\/1"}],"replies":[{"embeddable":true,"href":"https:\/\/vtm.com.tr\/index.php?rest_route=%2Fwp%2Fv2%2Fcomments&post=3719"}],"version-history":[{"count":1,"href":"https:\/\/vtm.com.tr\/index.php?rest_route=\/wp\/v2\/pages\/3719\/revisions"}],"predecessor-version":[{"id":3720,"href":"https:\/\/vtm.com.tr\/index.php?rest_route=\/wp\/v2\/pages\/3719\/revisions\/3720"}],"wp:attachment":[{"href":"https:\/\/vtm.com.tr\/index.php?rest_route=%2Fwp%2Fv2%2Fmedia&parent=3719"}],"curies":[{"name":"wp","href":"https:\/\/api.w.org\/{rel}","templated":true}]}}