{"id":3721,"date":"2022-04-01T17:47:36","date_gmt":"2022-04-01T17:47:36","guid":{"rendered":"https:\/\/vtm.com.tr\/?page_id=3721"},"modified":"2024-01-14T15:56:48","modified_gmt":"2024-01-14T15:56:48","slug":"hakkimizda","status":"publish","type":"page","link":"https:\/\/vtm.com.tr\/?page_id=3721","title":{"rendered":"Hakk\u0131m\u0131zda"},"content":{"rendered":"<p>[vc_row][vc_column][vc_column_text]<\/p>\n<h1>VTM Hayvan Hastanesi<\/h1>\n<p>VTM Hayvan Hastanesi 2000 y\u0131l\u0131nda kurulmu\u015ftur.<br \/>\n20&#8217;yi a\u015fk\u0131n personeli 8 Veteriner Hekimi, son teknoloji eksiksiz medikal donan\u0131m\u0131 ve 800 m2&#8217;lik hizmet binas\u0131 ile T\u00fcrkiye&#8217;nin en b\u00fcy\u00fck hayvan hastanelerinden biridir.<\/p>\n<h1>Amac\u0131m\u0131z<\/h1>\n<p>D\u00fcnya standartlar\u0131nda hekimlik nosyonunu her ge\u00e7en g\u00fcn \u00fcst seviyelere ta\u015f\u0131yarak, \u00fclkemiz pet sekt\u00f6r\u00fcnde lokomotif g\u00f6revi almak; Yenilikleri takip ederek, g\u00fcncel bilgiler \u0131\u015f\u0131\u011f\u0131nda kaliteli ve ula\u015f\u0131labilir hizmeti verebilmektir.<\/p>\n<p>Teknolojik yat\u0131r\u0131mlar\u0131 art\u0131rarak, hekimlik bilgisini geli\u015ftirici her t\u00fcrl\u00fc e\u011fitim programlar\u0131n\u0131 takip ederek, amat\u00f6r ruh ile profesyonel hizmet kalitesini sentezleyip, sadece gerekli olan tedavi se\u00e7enekleri ile hayvan refah\u0131n\u0131 en \u00fcst seviyede tutmak birincil \u00f6nceli\u011fimizdir.<\/p>\n<h1>Ekibimiz<\/h1>\n<p>Hastanemiz, ihtiya\u00e7lar do\u011frultusunda geli\u015fimini tamamlayarak farkl\u0131 bran\u015flarda uzmanla\u015fm\u0131\u015f profesyonel bir ekip taraf\u0131ndan haftan\u0131n 7 g\u00fcn\u00fc 24 saat hizmet vermektedir. \u0130nsana yat\u0131r\u0131m, bilgiye yat\u0131r\u0131m olarak g\u00f6r\u00fclmekte ve bilginin geli\u015fimi i\u00e7in her zaman konusuna hakim ki\u015filerin yaratm\u0131\u015f oldu\u011fu sinerji neticesinde profesyonel yakla\u015f\u0131mlar sa\u011flanmaktad\u0131r.[\/vc_column_text][\/vc_column][\/vc_row][vc_row][vc_column][vc_gallery interval=&#8221;3&#8243; images=&#8221;3960,3955,3956,3959,3949,3945,3951,3950,3948,3943,3952,3953,3946,3947,3954,3957,3942,3944,3958&#8243; img_size=&#8221;large&#8221;][\/vc_column][\/vc_row]<\/p>\n","protected":false},"excerpt":{"rendered":"<p>[vc_row][vc_column][vc_column_text] VTM Hayvan Hastanesi VTM Hayvan Hastanesi 2000 y\u0131l\u0131nda kurulmu\u015ftur. 20&#8217;yi a\u015fk\u0131n personeli 8 Veteriner Hekimi, son teknoloji eksiksiz medikal&#8230;<\/p>\n","protected":false},"author":1,"featured_media":0,"parent":0,"menu_order":0,"comment_status":"closed","ping_status":"closed","template":"","meta":{"footnotes":""},"class_list":["post-3721","page","type-page","status-publish","hentry"],"_links":{"self":[{"href":"https:\/\/vtm.com.tr\/index.php?rest_route=\/wp\/v2\/pages\/3721","targetHints":{"allow":["GET"]}}],"collection":[{"href":"https:\/\/vtm.com.tr\/index.php?rest_route=\/wp\/v2\/pages"}],"about":[{"href":"https:\/\/vtm.com.tr\/index.php?rest_route=\/wp\/v2\/types\/page"}],"author":[{"embeddable":true,"href":"https:\/\/vtm.com.tr\/index.php?rest_route=\/wp\/v2\/users\/1"}],"replies":[{"embeddable":true,"href":"https:\/\/vtm.com.tr\/index.php?rest_route=%2Fwp%2Fv2%2Fcomments&post=3721"}],"version-history":[{"count":3,"href":"https:\/\/vtm.com.tr\/index.php?rest_route=\/wp\/v2\/pages\/3721\/revisions"}],"predecessor-version":[{"id":3962,"href":"https:\/\/vtm.com.tr\/index.php?rest_route=\/wp\/v2\/pages\/3721\/revisions\/3962"}],"wp:attachment":[{"href":"https:\/\/vtm.com.tr\/index.php?rest_route=%2Fwp%2Fv2%2Fmedia&parent=3721"}],"curies":[{"name":"wp","href":"https:\/\/api.w.org\/{rel}","templated":true}]}}