{"id":3826,"date":"2022-04-02T10:35:22","date_gmt":"2022-04-02T10:35:22","guid":{"rendered":"https:\/\/vtm.com.tr\/?page_id=3826"},"modified":"2024-01-14T16:55:18","modified_gmt":"2024-01-14T16:55:18","slug":"halkla-iliskiler","status":"publish","type":"page","link":"https:\/\/vtm.com.tr\/?page_id=3826","title":{"rendered":"Halkla \u0130li\u015fkiler"},"content":{"rendered":"<p>[vc_row][vc_column width=&#8221;1\/4&#8243;][vc_single_image image=&#8221;3972&#8243; img_size=&#8221;full&#8221; alignment=&#8221;center&#8221;]\r\n        <div class=\"sec-title  \">         \r\n            <h4 style=\"color:\">Halkla \u0130li\u015fkiler ve \u0130K<\/h4>             \r\n            <h3 style=\"color:\">P\u0131nar Sevgi \u00c7elik<\/h3>        \r\n        <\/div>[\/vc_column][vc_column width=&#8221;1\/4&#8243;][vc_single_image image=&#8221;3973&#8243; img_size=&#8221;full&#8221;]\r\n        <div class=\"sec-title  \">         \r\n            <h4 style=\"color:\">Halkla \u0130li\u015fkiler<\/h4>             \r\n            <h3 style=\"color:\">Neslihan Il\u0131p\u0131nar<\/h3>        \r\n        <\/div>[\/vc_column][vc_column width=&#8221;1\/4&#8243;][\/vc_column][vc_column width=&#8221;1\/4&#8243;][\/vc_column][\/vc_row]<\/p>\n","protected":false},"excerpt":{"rendered":"<p>[vc_row][vc_column width=&#8221;1\/4&#8243;][vc_single_image image=&#8221;3972&#8243; img_size=&#8221;full&#8221; alignment=&#8221;center&#8221;][\/vc_column][vc_column width=&#8221;1\/4&#8243;][vc_single_image image=&#8221;3973&#8243; img_size=&#8221;full&#8221;][\/vc_column][vc_column width=&#8221;1\/4&#8243;][\/vc_column][vc_column width=&#8221;1\/4&#8243;][\/vc_column][\/vc_row]<\/p>\n","protected":false},"author":1,"featured_media":0,"parent":0,"menu_order":0,"comment_status":"closed","ping_status":"closed","template":"","meta":{"footnotes":""},"class_list":["post-3826","page","type-page","status-publish","hentry"],"_links":{"self":[{"href":"https:\/\/vtm.com.tr\/index.php?rest_route=\/wp\/v2\/pages\/3826","targetHints":{"allow":["GET"]}}],"collection":[{"href":"https:\/\/vtm.com.tr\/index.php?rest_route=\/wp\/v2\/pages"}],"about":[{"href":"https:\/\/vtm.com.tr\/index.php?rest_route=\/wp\/v2\/types\/page"}],"author":[{"embeddable":true,"href":"https:\/\/vtm.com.tr\/index.php?rest_route=\/wp\/v2\/users\/1"}],"replies":[{"embeddable":true,"href":"https:\/\/vtm.com.tr\/index.php?rest_route=%2Fwp%2Fv2%2Fcomments&post=3826"}],"version-history":[{"count":3,"href":"https:\/\/vtm.com.tr\/index.php?rest_route=\/wp\/v2\/pages\/3826\/revisions"}],"predecessor-version":[{"id":3983,"href":"https:\/\/vtm.com.tr\/index.php?rest_route=\/wp\/v2\/pages\/3826\/revisions\/3983"}],"wp:attachment":[{"href":"https:\/\/vtm.com.tr\/index.php?rest_route=%2Fwp%2Fv2%2Fmedia&parent=3826"}],"curies":[{"name":"wp","href":"https:\/\/api.w.org\/{rel}","templated":true}]}}